{"id":8288,"date":"2025-10-21T13:25:08","date_gmt":"2025-10-21T13:25:08","guid":{"rendered":"https:\/\/glasshandlingholland.com\/originele-muyen-onderdelen-veiligheid-kwaliteit-vertrouwen\/"},"modified":"2025-11-19T15:39:57","modified_gmt":"2025-11-19T15:39:57","slug":"originele-muyen-onderdelen-veiligheid-kwaliteit-vertrouwen","status":"publish","type":"page","link":"https:\/\/glasshandlingholland.com\/de\/originele-muyen-onderdelen-veiligheid-kwaliteit-vertrouwen\/","title":{"rendered":"Originele Muyen Onderdelen &#8211; Veiligheid, Kwaliteit &amp; Vertrouwen"},"content":{"rendered":"\n<p class=\"has-text-align-center\"><br\/><\/p>\n<div class=\"wp-block-image\">\n<figure class=\"aligncenter size-full\"><img loading=\"lazy\" decoding=\"async\" width=\"150\" height=\"101\" src=\"https:\/\/glasshandlingholland.com\/wp-content\/uploads\/2025\/09\/nlvlag.jpg\" alt=\"\" class=\"wp-image-7703\" srcset=\"https:\/\/glasshandlingholland.com\/wp-content\/uploads\/2025\/09\/nlvlag.jpg 150w, https:\/\/glasshandlingholland.com\/wp-content\/uploads\/2025\/09\/nlvlag-18x12.jpg 18w\" sizes=\"auto, (max-width: 150px) 100vw, 150px\" \/><\/figure><\/div>\n<p><\/p>\n\n<p class=\"has-text-align-center\">Willkommen auf der Landingpage f\u00fcr <strong>Muyen Onderdelen<\/strong>. Hier finden Sie alle Informationen \u00fcber die Muyen Onderdelen und wie Sie sie bestellen k\u00f6nnen. F\u00fcr weitere Informationen, Produkte und andere Fragen verweisen wir Sie gerne auf die offizielle <strong>Muyen-Website<\/strong>:    <br\/><\/p>\n<div class=\"wp-block-image\">\n<figure class=\"aligncenter size-full\"><a href=\"https:\/\/muyen.com\/\"><img loading=\"lazy\" decoding=\"async\" width=\"500\" height=\"161\" src=\"https:\/\/glasshandlingholland.com\/wp-content\/uploads\/2025\/09\/Logo-NL-klein.jpg\" alt=\"\" class=\"wp-image-7694\" srcset=\"https:\/\/glasshandlingholland.com\/wp-content\/uploads\/2025\/09\/Logo-NL-klein.jpg 500w, https:\/\/glasshandlingholland.com\/wp-content\/uploads\/2025\/09\/Logo-NL-klein-300x97.jpg 300w, https:\/\/glasshandlingholland.com\/wp-content\/uploads\/2025\/09\/Logo-NL-klein-18x6.jpg 18w, https:\/\/glasshandlingholland.com\/wp-content\/uploads\/2025\/09\/Logo-NL-klein-480x155.jpg 480w\" sizes=\"auto, (max-width: 500px) 100vw, 500px\" \/><\/a><\/figure><\/div>\n<p><\/p>\n\n<p>Unsere Produkte sind langlebig, langlebig und f\u00fcr mehrere Jahre erh\u00e4ltlich. Wenn unser Sortiment so umfangreich ist, bitten wir Sie, die <g id=\"gid_0\">CE-Nummer des Ger\u00e4ts<\/g> und \/ oder eine weitere Beschriftung des benannten Ger\u00e4ts zu \u00fcberpr\u00fcfen. So k\u00f6nnen Sie sicher sein, dass wir das Ger\u00e4t schnell und korrekt bedienen k\u00f6nnen.  <\/p>\n\n<hr class=\"wp-block-separator has-alpha-channel-opacity\"\/>\n\n<p><strong>Veiligheid en Kwaliteit Voorop<\/strong><\/p>\n\n<p>Wir haben eine <strong>strenge Aufsicht \u00fcber die Sicherheit und Zuverl\u00e4ssigkeit<\/strong>. Die Dokumente wurden an Kunden weitergegeben, die ihre Maschinen <strong>regelm\u00e4\u00dfig von uns \u00fcberpr\u00fcfen lassen<\/strong>. <\/p>\n\n<p>Woran liegt das?<\/p>\n\n<ul class=\"wp-block-list\">\n<li>Wir k\u00f6nnen nur dann <strong>f\u00fcr die Verschleierung<\/strong> des Ger\u00e4ts <strong>sorgen<\/strong>, wenn wir selbst den Staat im Laufe der Zeit kontrollieren.<\/li>\n\n\n\n<li>Nach dieser Inspektion k\u00f6nnen wir das Ger\u00e4t <strong>nicht mehr auf die aktuellen technischen Normen und Vorschriften aktualisieren<\/strong>.<\/li>\n\n\n\n<li>Dieser Hinweis gilt auch f\u00fcr <strong>externe Inspektions- oder Wartungsdienste<\/strong>, die die Wartung oder den Betrieb der Anlage \u00fcbernehmen.<\/li>\n<\/ul>\n\n<hr class=\"wp-block-separator has-alpha-channel-opacity\"\/>\n\n<p><strong>Wat als u (nog) geen klant bent?<\/strong><\/p>\n\n<p>Kein Problem &#8211; Sie k\u00f6nnen das Ger\u00e4t jederzeit bei uns zur Inspektion abholen. Wir helfen Ihnen gerne mit weiteren Informationen und eventuellen Aktualisierungen zu den neuesten Entwicklungen weiter. <\/p>\n\n<hr class=\"wp-block-separator has-alpha-channel-opacity\"\/>\n\n<p><strong>Vragen of een aanvraag indienen?<\/strong><br\/>Schicken Sie uns eine E-Mail:<\/p>\n\n<ul class=\"wp-block-list\">\n<li>Die <strong>CE-Nummer<\/strong> Ihres Ger\u00e4ts<\/li>\n\n\n\n<li>Eine doppeldeutige <strong>Beschreibung des Themas<\/strong><\/li>\n\n\n\n<li>Eventuelle Fotos und andere relevante Informationen<\/li>\n<\/ul>\n\n<p>Wir helfen Ihnen gerne weiter &#8211; auch mit Schleierhaftigkeit und Kompetenz als Unterst\u00fctzung.<\/p>\n\n<hr class=\"wp-block-separator has-alpha-channel-opacity\"\/>\n\n<p><\/p>\n<div class=\"wp-block-image\">\n<figure class=\"aligncenter size-full\"><img loading=\"lazy\" decoding=\"async\" width=\"150\" height=\"75\" src=\"https:\/\/glasshandlingholland.com\/wp-content\/uploads\/2025\/09\/vlaguk.jpg\" alt=\"\" class=\"wp-image-7706\" srcset=\"https:\/\/glasshandlingholland.com\/wp-content\/uploads\/2025\/09\/vlaguk.jpg 150w, https:\/\/glasshandlingholland.com\/wp-content\/uploads\/2025\/09\/vlaguk-18x9.jpg 18w\" sizes=\"auto, (max-width: 150px) 100vw, 150px\" \/><\/figure><\/div>\n<p class=\"has-text-align-center\"><br\/>Willkommen auf der Landing Page f\u00fcr <strong>Muyen Parts<\/strong> auf der Website von <strong>Glass Handling Holland<\/strong>. Diese Seite ist <strong>ausschlie\u00dflich f\u00fcr unsere ausl\u00e4ndischen Vertreter bestimmt<\/strong>. Hier finden Sie alle Informationen \u00fcber Muyen-Teile und wie Sie eine Bestellung aufgeben k\u00f6nnen. F\u00fcr zus\u00e4tzliche Informationen, Produkte und weitere Anfragen verweisen wir Sie auf die offizielle <strong>Muyen Website<\/strong>:   <br\/><\/p>\n<div class=\"wp-block-image\">\n<figure class=\"aligncenter size-full\"><a href=\"https:\/\/muyen.com\/\"><img loading=\"lazy\" decoding=\"async\" width=\"500\" height=\"127\" src=\"https:\/\/glasshandlingholland.com\/wp-content\/uploads\/2025\/09\/Logo-GB-klein.jpg\" alt=\"\" class=\"wp-image-7695\" srcset=\"https:\/\/glasshandlingholland.com\/wp-content\/uploads\/2025\/09\/Logo-GB-klein.jpg 500w, https:\/\/glasshandlingholland.com\/wp-content\/uploads\/2025\/09\/Logo-GB-klein-300x76.jpg 300w, https:\/\/glasshandlingholland.com\/wp-content\/uploads\/2025\/09\/Logo-GB-klein-18x5.jpg 18w, https:\/\/glasshandlingholland.com\/wp-content\/uploads\/2025\/09\/Logo-GB-klein-480x122.jpg 480w\" sizes=\"auto, (max-width: 500px) 100vw, 500px\" \/><\/a><\/figure><\/div>\n<p><\/p>\n\n<p>Unsere Teile sind zuverl\u00e4ssig, langlebig und f\u00fcr viele Jahre nach dem Kauf verf\u00fcgbar. Da unser Sortiment sehr umfangreich ist, bitten wir Sie, die <g id=\"gid_0\">CE-Nummer des Ger\u00e4ts<\/g> und\/oder eine klare Beschreibung des ben\u00f6tigten Teils anzugeben. So k\u00f6nnen wir Ihnen schnell und pr\u00e4zise das richtige Teil zusenden.  <\/p>\n\n<hr class=\"wp-block-separator has-alpha-channel-opacity\"\/>\n\n<p><strong>Sicherheit und Qualit\u00e4t an erster Stelle<\/strong><\/p>\n\n<p>Wir verfolgen eine <strong>strenge Politik in Bezug auf Sicherheit und Qualit\u00e4t<\/strong>. Teile werden nur an Kunden geliefert, die ihre Hebeger\u00e4te oder Maschinen <strong>regelm\u00e4\u00dfig von uns \u00fcberpr\u00fcfen<\/strong> lassen. <\/p>\n\n<p>Warum diese Politik?<\/p>\n\n<ul class=\"wp-block-list\">\n<li>Wir k\u00f6nnen nur dann <strong>die Verantwortung f\u00fcr den sicheren Betrieb<\/strong> des Ger\u00e4ts <strong>\u00fcbernehmen<\/strong>, wenn wir seinen Zustand regelm\u00e4\u00dfig \u00fcberpr\u00fcfen.<\/li>\n\n\n\n<li>Ohne diese Inspektionen k\u00f6nnen wir <strong>das Ger\u00e4t<\/strong> nicht <strong>auf den neuesten Stand der technischen Normen und Sicherheitsvorschriften bringen<\/strong>.<\/li>\n\n\n\n<li>Diese Richtlinie gilt auch f\u00fcr <strong>externe Inspektions- oder Zertifizierungsunternehmen<\/strong>, die Wartungen oder Inspektionen f\u00fcr Dritte durchf\u00fchren.<\/li>\n<\/ul>\n\n<hr class=\"wp-block-separator has-alpha-channel-opacity\"\/>\n\n<p><strong>Was ist, wenn Sie noch kein Kunde sind?<\/strong><\/p>\n\n<p>Kein Problem &#8211; Sie k\u00f6nnen das Ger\u00e4t jederzeit zur Inspektion zu uns bringen. Nach einer gr\u00fcndlichen Bewertung k\u00f6nnen wir Ihnen mit Ersatzteilen und allen notwendigen Aktualisierungen nach den neuesten Standards helfen. <\/p>\n\n<hr class=\"wp-block-separator has-alpha-channel-opacity\"\/>\n\n<p><strong>Haben Sie Fragen oder m\u00f6chten Sie eine Anfrage stellen?<\/strong><br\/>Bitte senden Sie uns eine E-Mail mit:<\/p>\n\n<ul class=\"wp-block-list\">\n<li>Die <strong>CE-Nummer<\/strong> Ihres Ger\u00e4ts<\/li>\n\n\n\n<li>Eine klare <strong>Beschreibung des Teils<\/strong><\/li>\n\n\n\n<li>Alle relevanten Fotos oder andere Informationen<\/li>\n<\/ul>\n\n<p>Wir helfen Ihnen gerne weiter &#8211; immer mit Sicherheit und Qualit\u00e4t als oberster Priorit\u00e4t.<\/p>\n\n<hr class=\"wp-block-separator has-alpha-channel-opacity\"\/>\n\n<p><\/p>\n<div class=\"wp-block-image\">\n<figure class=\"aligncenter size-full\"><img loading=\"lazy\" decoding=\"async\" width=\"150\" height=\"90\" src=\"https:\/\/glasshandlingholland.com\/wp-content\/uploads\/2025\/09\/vlagdu.jpg\" alt=\"\" class=\"wp-image-7704\" srcset=\"https:\/\/glasshandlingholland.com\/wp-content\/uploads\/2025\/09\/vlagdu.jpg 150w, https:\/\/glasshandlingholland.com\/wp-content\/uploads\/2025\/09\/vlagdu-18x12.jpg 18w\" sizes=\"auto, (max-width: 150px) 100vw, 150px\" \/><\/figure><\/div>\n<p class=\"has-text-align-center\"><br\/>Willkommen auf der Landingpage f\u00fcr <strong>Muyen Ersatzteile<\/strong> auf der Website von <strong>Glass Handling Holland<\/strong>. Diese Seite ist <strong>ausschlie\u00dflich f\u00fcr unsere ausl\u00e4ndischen Agenten bestimmt<\/strong>. Hier finden Sie alle Informationen zu Muyen Ersatzteilen und wie Sie eine Bestellung aufgeben k\u00f6nnen. F\u00fcr weitere Informationen, Produkte oder detaillierte Anfragen verweisen wir Sie gerne auf die offizielle <strong>Muyen-Website<\/strong>:   <br\/><\/p>\n<div class=\"wp-block-image\">\n<figure class=\"aligncenter size-full\"><img loading=\"lazy\" decoding=\"async\" width=\"500\" height=\"127\" src=\"https:\/\/glasshandlingholland.com\/wp-content\/uploads\/2025\/09\/Logo-GB-klein.jpg\" alt=\"\" class=\"wp-image-7695\" srcset=\"https:\/\/glasshandlingholland.com\/wp-content\/uploads\/2025\/09\/Logo-GB-klein.jpg 500w, https:\/\/glasshandlingholland.com\/wp-content\/uploads\/2025\/09\/Logo-GB-klein-300x76.jpg 300w, https:\/\/glasshandlingholland.com\/wp-content\/uploads\/2025\/09\/Logo-GB-klein-18x5.jpg 18w, https:\/\/glasshandlingholland.com\/wp-content\/uploads\/2025\/09\/Logo-GB-klein-480x122.jpg 480w\" sizes=\"auto, (max-width: 500px) 100vw, 500px\" \/><\/figure><\/div>\n<p><\/p>\n\n<p>Unsere Ersatzteile sind zuverl\u00e4ssig, langlebig und f\u00fcr viele Jahre nach dem Kauf verf\u00fcgbar. Da unser Sortiment sehr umfangreich ist, bitten wir Sie, bei Ihrer Anfrage die <g id=\"gid_0\">CE-Nummer des Ger\u00e4ts<\/g> und\/oder eine genaue Beschreibung des ben\u00f6tigten Teils zu senden. So k\u00f6nnen wir Ihnen schnell und pr\u00e4zise das richtige Teil zusenden.  <\/p>\n\n<hr class=\"wp-block-separator has-alpha-channel-opacity\"\/>\n\n<p><strong>Sicherheit und Qualit\u00e4t an erster Stelle<\/strong><\/p>\n\n<p>Wir haben eine <strong>strenge Sicherheits- und Qualit\u00e4tsrichtlinie<\/strong>. Ersatzteile werden nur an Kunden geliefert, die ihre Hebezeuge oder Maschinen <strong>regelm\u00e4\u00dfig von uns inspizieren lassen<\/strong>. <\/p>\n\n<p>Warum diese Richtlinie?<\/p>\n\n<ul class=\"wp-block-list\">\n<li>Wir k\u00f6nnen nur <strong>Verantwortung f\u00fcr den sicheren Betrieb<\/strong> des Ger\u00e4ts \u00fcbernehmen, wenn wir dessen Zustand regelm\u00e4\u00dfig \u00fcberpr\u00fcfen.<\/li>\n\n\n\n<li>Ohne diese Inspektionen k\u00f6nnen wir das Ger\u00e4t <strong>nicht auf den neuesten technischen Stand und die aktuellen Sicherheitsvorschriften<\/strong> bringen.<\/li>\n\n\n\n<li>Diese Richtlinie gilt auch f\u00fcr <strong>externe Inspektions- oder Zertifizierungsunternehmen<\/strong>, die Wartung oder Inspektionen f\u00fcr Dritte durchf\u00fchren.<\/li>\n<\/ul>\n\n<hr class=\"wp-block-separator has-alpha-channel-opacity\"\/>\n\n<p><strong>Was, wenn Sie noch kein Kunde sind?<\/strong><\/p>\n\n<p>Kein Problem &#8211; Sie k\u00f6nnen das Ger\u00e4t jederzeit zur Inspektion zu uns bringen. Nach einer gr\u00fcndlichen Pr\u00fcfung k\u00f6nnen wir Ihnen mit Ersatzteilen und gegebenenfalls notwendigen Updates gem\u00e4\u00df den neuesten Standards weiterhelfen. <\/p>\n\n<hr class=\"wp-block-separator has-alpha-channel-opacity\"\/>\n\n<p><strong>Fragen oder eine Anfrage einreichen?<\/strong><br\/>Bitte senden Sie uns eine E-Mail mit:<\/p>\n\n<ul class=\"wp-block-list\">\n<li>Die <strong>CE-Nummer<\/strong> Ihres Ger\u00e4ts<\/li>\n\n\n\n<li>Eine klare <strong>Beschreibung des Teils<\/strong><\/li>\n\n\n\n<li>Eventuell relevante Fotos oder andere Informationen<\/li>\n<\/ul>\n\n<p>Wir helfen Ihnen gerne weiter &#8211; immer mit Sicherheit und Qualit\u00e4t als oberste Priorit\u00e4t.<\/p>\n\n<hr class=\"wp-block-separator has-alpha-channel-opacity\"\/>\n\n<p><\/p>\n<div class=\"wp-block-image\">\n<figure class=\"aligncenter size-full\"><img loading=\"lazy\" decoding=\"async\" width=\"150\" height=\"100\" src=\"https:\/\/glasshandlingholland.com\/wp-content\/uploads\/2025\/09\/vlagfr.jpg\" alt=\"\" class=\"wp-image-7705\" srcset=\"https:\/\/glasshandlingholland.com\/wp-content\/uploads\/2025\/09\/vlagfr.jpg 150w, https:\/\/glasshandlingholland.com\/wp-content\/uploads\/2025\/09\/vlagfr-18x12.jpg 18w\" sizes=\"auto, (max-width: 150px) 100vw, 150px\" \/><\/figure><\/div>\n<p class=\"has-text-align-center\"><br\/>Bienvenue sur la page de destination des <strong>pi\u00e8ces Muyen<\/strong> sur le site de <strong>Glass Handling Holland<\/strong>. Diese Seite ist <strong>ausschlie\u00dflich f\u00fcr unsere ausl\u00e4ndischen Agenten bestimmt<\/strong>. Sie finden hier alle Informationen zu den Produkten von Muyen und deren Bestellung. F\u00fcr weitere Informationen, Produkte oder Nachfragen laden wir Sie ein, die offizielle Website von <strong>Muyen<\/strong> zu besuchen:   <br\/><\/p>\n<div class=\"wp-block-image\">\n<figure class=\"aligncenter size-full\"><a href=\"https:\/\/muyen.com\/\"><img loading=\"lazy\" decoding=\"async\" width=\"500\" height=\"127\" src=\"https:\/\/glasshandlingholland.com\/wp-content\/uploads\/2025\/09\/Logo-GB-klein.jpg\" alt=\"\" class=\"wp-image-7695\" srcset=\"https:\/\/glasshandlingholland.com\/wp-content\/uploads\/2025\/09\/Logo-GB-klein.jpg 500w, https:\/\/glasshandlingholland.com\/wp-content\/uploads\/2025\/09\/Logo-GB-klein-300x76.jpg 300w, https:\/\/glasshandlingholland.com\/wp-content\/uploads\/2025\/09\/Logo-GB-klein-18x5.jpg 18w, https:\/\/glasshandlingholland.com\/wp-content\/uploads\/2025\/09\/Logo-GB-klein-480x122.jpg 480w\" sizes=\"auto, (max-width: 500px) 100vw, 500px\" \/><\/a><\/figure><\/div>\n<p><\/p>\n\n<p>Unsere Produkte sind zuverl\u00e4ssig, langlebig und noch viele Jahre nach dem Kauf verf\u00fcgbar. Da unsere Produktpalette sehr umfangreich ist, bitten wir Sie, uns bei Ihrer Anfrage die <g id=\"gid_0\">CE-Nummer des Ger\u00e4ts<\/g> und\/oder eine genaue Beschreibung des gew\u00fcnschten Produkts zu \u00fcbermitteln. So k\u00f6nnen wir Ihnen schnellstm\u00f6glich das passende Produkt zusenden.  <\/p>\n\n<hr class=\"wp-block-separator has-alpha-channel-opacity\"\/>\n\n<p><strong>Sicherheit und Qualit\u00e4t stehen an erster Stelle<\/strong><\/p>\n\n<p>Wir wenden eine <strong>strenge Sicherheits- und Qualit\u00e4tspolitik<\/strong> an. Die Produkte werden nur an Kunden geliefert, die <strong>ihre Ger\u00e4te oder Maschinen regelm\u00e4\u00dfig durch unsere Mitarbeiter \u00fcberpr\u00fcfen lassen<\/strong>. <\/p>\n\n<p>Weshalb diese Politik?<\/p>\n\n<ul class=\"wp-block-list\">\n<li>Nous ne pouvons <strong>assumer la responsabilit\u00e9 du bon fonctionnement<\/strong> de l&#8217;appareil que si nous inspectons r\u00e9guli\u00e8rement son \u00e9tat.<\/li>\n\n\n\n<li>Ohne diese Inspektionen k\u00f6nnen wir <strong>das Ger\u00e4t<\/strong> nicht <strong>gem\u00e4\u00df den neuesten technischen Normen und Sicherheitsanforderungen in Betrieb nehmen<\/strong>.<\/li>\n\n\n\n<li>Diese Politik gilt auch f\u00fcr <strong>externe Inspektions- oder Zertifizierungsunternehmen<\/strong>, die Wartungen oder Inspektionen f\u00fcr die Etagen durchf\u00fchren.<\/li>\n<\/ul>\n\n<hr class=\"wp-block-separator has-alpha-channel-opacity\"\/>\n\n<p><strong>Was ist zu tun, wenn Sie noch kein Kunde sind?<\/strong><\/p>\n\n<p>Aucun probl\u00e8me &#8211; vous pouvez toujours apporter l&#8217;appareil chez nous pour inspection. Nach einer vollst\u00e4ndigen Kontrolle helfen wir Ihnen gerne mit den notwendigen Teilen und der Instandsetzung gem\u00e4\u00df den aktuellen Normen. <\/p>\n\n<hr class=\"wp-block-separator has-alpha-channel-opacity\"\/>\n\n<p><strong>Haben Sie Fragen oder m\u00f6chten Sie eine Anfrage stellen?<\/strong><br\/>Veuillez nous envoyer un e-mail avec :<\/p>\n\n<ul class=\"wp-block-list\">\n<li>Le <strong>num\u00e9ro CE<\/strong> de votre appareil<\/li>\n\n\n\n<li>Une <strong>description claire de la pi\u00e8ce<\/strong><\/li>\n\n\n\n<li>Des photos pertinentes ou d&#8217;autres informations<\/li>\n<\/ul>\n\n<p>Wir freuen uns, Ihnen helfen zu k\u00f6nnen &#8211; immer unter Ber\u00fccksichtigung von Sicherheit und Qualit\u00e4t.<\/p>\n\n<hr class=\"wp-block-separator has-alpha-channel-opacity\"\/>\n\n<p><\/p>\n<div class=\"wp-block-image\">\n<figure class=\"aligncenter size-full\"><img loading=\"lazy\" decoding=\"async\" width=\"150\" height=\"93\" src=\"https:\/\/glasshandlingholland.com\/wp-content\/uploads\/2025\/09\/vlagpl.jpg\" alt=\"\" class=\"wp-image-7707\" srcset=\"https:\/\/glasshandlingholland.com\/wp-content\/uploads\/2025\/09\/vlagpl.jpg 150w, https:\/\/glasshandlingholland.com\/wp-content\/uploads\/2025\/09\/vlagpl-18x12.jpg 18w\" sizes=\"auto, (max-width: 150px) 100vw, 150px\" \/><\/figure><\/div>\n<p class=\"has-text-align-center\"><br\/>Witamy na stronie docelowej dla <strong>cz\u0119\u015bci Muyen<\/strong> na stronie <strong>Glass Handling Holland<\/strong>. Sie werden von einem <strong>erfahrenen Agenten<\/strong> betreut. Znajd\u0105 tu Pa\u0144stwo wszystkie informacje dotycz\u0105ce cz\u0119\u015bci Muyen i sposobu sk\u0142adania zam\u00f3wie\u0144. Po dodatkowe informacje, produkty lub szczeg\u00f3\u0142owe zapytania zapraszamy do odwiedzenia oficjalnej strony <strong>Muyen<\/strong>:   <br\/><\/p>\n<div class=\"wp-block-image\">\n<figure class=\"aligncenter size-full\"><a href=\"https:\/\/muyen.com\/\"><img loading=\"lazy\" decoding=\"async\" width=\"500\" height=\"127\" src=\"https:\/\/glasshandlingholland.com\/wp-content\/uploads\/2025\/09\/Logo-GB-klein.jpg\" alt=\"\" class=\"wp-image-7695\" srcset=\"https:\/\/glasshandlingholland.com\/wp-content\/uploads\/2025\/09\/Logo-GB-klein.jpg 500w, https:\/\/glasshandlingholland.com\/wp-content\/uploads\/2025\/09\/Logo-GB-klein-300x76.jpg 300w, https:\/\/glasshandlingholland.com\/wp-content\/uploads\/2025\/09\/Logo-GB-klein-18x5.jpg 18w, https:\/\/glasshandlingholland.com\/wp-content\/uploads\/2025\/09\/Logo-GB-klein-480x122.jpg 480w\" sizes=\"auto, (max-width: 500px) 100vw, 500px\" \/><\/a><\/figure><\/div>\n<p><\/p>\n\n<p>Das Angebot ist niezawodne, trwa\u0142e i dost\u0119pne przez wiele lat po zakupie. Das Angebot ist so umfangreich, dass es in der Lage ist, die <g id=\"gid_0\">Zahl der Teilnehmer<\/g> zu erh\u00f6hen und die Kosten zu senken. Dzi\u0119ki temu b\u0119dziemy w stanie szybko i dok\u0142adnie dostarczy\u0107 odpowiedni\u0105 cz\u0119\u015b\u0107.  <\/p>\n\n<hr class=\"wp-block-separator has-alpha-channel-opacity\"\/>\n\n<p><strong>Bezpiecze\u0144stwo i jako\u015b\u0107 na pierwszym miejscu<\/strong><\/p>\n\n<p>Stosujemy \u015bcis\u0142\u0105 <strong>polityk\u0119 bezpiecze\u0144stwa i jako\u015bci<\/strong>. Cz\u0119\u015bci s\u0105 dostarczane tylko klientom, kt\u00f3rzy <strong>regularnie przeprowadzaj\u0105 inspekcje swoich urz\u0105dze\u0144 d\u017awigowych lub maszyn u nas<\/strong>. <\/p>\n\n<p>Dlaczego ta polityka?<\/p>\n\n<ul class=\"wp-block-list\">\n<li>Mo\u017cemy <strong>wzi\u0105\u0107 odpowiedzialno\u015b\u0107 za bezpieczne dzia\u0142anie<\/strong> urz\u0105dzenia tylko wtedy, gdy regularnie kontrolujemy jego stan.<\/li>\n\n\n\n<li>Bez tych inspekcji nie mo\u017cemy <strong>zaktualizowa\u0107 urz\u0105dzenia do najnowszych standard\u00f3w technicznych i wymaga\u0144 bezpiecze\u0144stwa<\/strong>.<\/li>\n\n\n\n<li>Polityka ta dotyczy r\u00f3wnie\u017c <strong>zewn\u0119trznych firm inspekcyjnych lub certyfikuj\u0105cych<\/strong>, kt\u00f3re przeprowadzaj\u0105 konserwacj\u0119 lub inspekcje dla os\u00f3b trzecich.<\/li>\n<\/ul>\n\n<hr class=\"wp-block-separator has-alpha-channel-opacity\"\/>\n\n<p><strong>Co zrobi\u0107, je\u015bli nie jeste\u015b jeszcze naszym klientem?<\/strong><\/p>\n\n<p>Nie ma problemu &#8211; zawsze mo\u017cesz dostarczy\u0107 urz\u0105dzenie do nas na inspekcj\u0119. Po dok\u0142adnej ocenie pomo\u017cemy Ci w zakresie cz\u0119\u015bci oraz niezb\u0119dnych aktualizacji zgodnie z najnowszymi normami. <\/p>\n\n<hr class=\"wp-block-separator has-alpha-channel-opacity\"\/>\n\n<p><strong>Masz pytania lub chcesz z\u0142o\u017cy\u0107 zapytanie?<\/strong><br\/>Prosimy o wys\u0142anie e-maila z:<\/p>\n\n<ul class=\"wp-block-list\">\n<li><strong>Numerem CE<\/strong> Twojego urz\u0105dzenia<\/li>\n\n\n\n<li>Jasnym <strong>opisaniem cz\u0119\u015bci<\/strong><\/li>\n\n\n\n<li>Ewentualnymi zdj\u0119ciami lub innymi informacjami<\/li>\n<\/ul>\n\n<p>Z przyjemno\u015bci\u0105 Ci pomo\u017cemy &#8211; zawsze z bezpiecze\u0144stwem i jako\u015bci\u0105 na pierwszym miejscu.<\/p>\n\n<p><\/p>\n","protected":false},"excerpt":{"rendered":"<p>Willkommen auf der Landingpage f\u00fcr Muyen Onderdelen. Hier finden Sie alle Informationen ...<\/p>\n","protected":false},"author":2,"featured_media":8296,"parent":0,"menu_order":0,"comment_status":"closed","ping_status":"closed","template":"","meta":{"_acf_changed":false,"_seopress_robots_primary_cat":"","_seopress_titles_title":"Orginele Muyen onderdelen","_seopress_titles_desc":"Willkommen auf der Landingpage f\u00fcr Muyen Onderdelen. Hier finden Sie alle Informationen \u00fcber die Muyen Onderdelen und die Art und Weise, wie Sie bestellen k\u00f6nnen. F\u00fcr weitere Informationen, Produkte und andere Fragen verweisen wir Sie gerne auf die offizielle Muyen-Website:  ","_seopress_robots_index":"","_monsterinsights_skip_tracking":false,"_monsterinsights_sitenote_active":false,"_monsterinsights_sitenote_note":"","_monsterinsights_sitenote_category":0,"_uf_show_specific_survey":0,"_uf_disable_surveys":false,"_joinchat":[],"footnotes":""},"class_list":["post-8288","page","type-page","status-publish","has-post-thumbnail","hentry"],"acf":[],"_links":{"self":[{"href":"https:\/\/glasshandlingholland.com\/de\/wp-json\/wp\/v2\/pages\/8288","targetHints":{"allow":["GET"]}}],"collection":[{"href":"https:\/\/glasshandlingholland.com\/de\/wp-json\/wp\/v2\/pages"}],"about":[{"href":"https:\/\/glasshandlingholland.com\/de\/wp-json\/wp\/v2\/types\/page"}],"author":[{"embeddable":true,"href":"https:\/\/glasshandlingholland.com\/de\/wp-json\/wp\/v2\/users\/2"}],"replies":[{"embeddable":true,"href":"https:\/\/glasshandlingholland.com\/de\/wp-json\/wp\/v2\/comments?post=8288"}],"version-history":[{"count":2,"href":"https:\/\/glasshandlingholland.com\/de\/wp-json\/wp\/v2\/pages\/8288\/revisions"}],"predecessor-version":[{"id":10470,"href":"https:\/\/glasshandlingholland.com\/de\/wp-json\/wp\/v2\/pages\/8288\/revisions\/10470"}],"wp:featuredmedia":[{"embeddable":true,"href":"https:\/\/glasshandlingholland.com\/de\/wp-json\/wp\/v2\/media\/8296"}],"wp:attachment":[{"href":"https:\/\/glasshandlingholland.com\/de\/wp-json\/wp\/v2\/media?parent=8288"}],"curies":[{"name":"wp","href":"https:\/\/api.w.org\/{rel}","templated":true}]}}