{"id":8175,"date":"2025-10-21T13:24:41","date_gmt":"2025-10-21T13:24:41","guid":{"rendered":"https:\/\/glasshandlingholland.com\/produkte\/"},"modified":"2025-11-19T15:40:02","modified_gmt":"2025-11-19T15:40:02","slug":"produkte","status":"publish","type":"page","link":"https:\/\/glasshandlingholland.com\/de\/produkte\/","title":{"rendered":"Produkte"},"content":{"rendered":"\n<p>Glasbearbeitungswerkzeuge f\u00fcr Glaser!<\/p>\n\n<p><\/p>\n","protected":false},"excerpt":{"rendered":"<p>Glasbearbeitungswerkzeuge f\u00fcr Glaser!<\/p>\n","protected":false},"author":1,"featured_media":7836,"parent":0,"menu_order":0,"comment_status":"closed","ping_status":"closed","template":"","meta":{"_acf_changed":false,"_seopress_robots_primary_cat":"","_seopress_titles_title":"PRODUKTE","_seopress_titles_desc":"GLASSHANDLING Holland, Glasbearbeitungswerkzeuge f\u00fcr Glaser. Glasbearbeitungsger\u00e4te, wie Vakuumheber, Schleifmaschinen, Schneidetische, Glaslift. Die Datenbank f\u00fcr den Glasverarbeiter, wir beraten Sie gerne, erhalten Sie direkt vom Hersteller. Glaslifter, Vakuumlifter, Glasdollys, Glasschleifen, Glasschneidetische, A-Rahmen, Glaslagersysteme. Produkte zur Handhabung von Glas","_seopress_robots_index":"","_monsterinsights_skip_tracking":false,"_monsterinsights_sitenote_active":false,"_monsterinsights_sitenote_note":"","_monsterinsights_sitenote_category":0,"_uf_show_specific_survey":0,"_uf_disable_surveys":false,"_joinchat":[],"footnotes":""},"class_list":["post-8175","page","type-page","status-publish","has-post-thumbnail","hentry"],"acf":[],"_links":{"self":[{"href":"https:\/\/glasshandlingholland.com\/de\/wp-json\/wp\/v2\/pages\/8175","targetHints":{"allow":["GET"]}}],"collection":[{"href":"https:\/\/glasshandlingholland.com\/de\/wp-json\/wp\/v2\/pages"}],"about":[{"href":"https:\/\/glasshandlingholland.com\/de\/wp-json\/wp\/v2\/types\/page"}],"author":[{"embeddable":true,"href":"https:\/\/glasshandlingholland.com\/de\/wp-json\/wp\/v2\/users\/1"}],"replies":[{"embeddable":true,"href":"https:\/\/glasshandlingholland.com\/de\/wp-json\/wp\/v2\/comments?post=8175"}],"version-history":[{"count":3,"href":"https:\/\/glasshandlingholland.com\/de\/wp-json\/wp\/v2\/pages\/8175\/revisions"}],"predecessor-version":[{"id":8183,"href":"https:\/\/glasshandlingholland.com\/de\/wp-json\/wp\/v2\/pages\/8175\/revisions\/8183"}],"wp:featuredmedia":[{"embeddable":true,"href":"https:\/\/glasshandlingholland.com\/de\/wp-json\/wp\/v2\/media\/7836"}],"wp:attachment":[{"href":"https:\/\/glasshandlingholland.com\/de\/wp-json\/wp\/v2\/media?parent=8175"}],"curies":[{"name":"wp","href":"https:\/\/api.w.org\/{rel}","templated":true}]}}