{"id":8157,"date":"2025-10-21T13:24:38","date_gmt":"2025-10-21T13:24:38","guid":{"rendered":"https:\/\/glasshandlingholland.com\/glasbearbeitungswerkzeuge-fur-glaser\/"},"modified":"2026-04-05T05:59:08","modified_gmt":"2026-04-05T05:59:08","slug":"glasbearbeitungswerkzeuge-fur-glaser","status":"publish","type":"page","link":"https:\/\/glasshandlingholland.com\/de\/","title":{"rendered":"Werkzeuge f\u00fcr die Glasbearbeitung f\u00fcr Glaser!"},"content":{"rendered":"\n<div class=\"wp-block-cover alignfull is-light\"><span aria-hidden=\"true\" class=\"wp-block-cover__background has-lightgreen-color-background-color has-background-dim-100 has-background-dim\"><\/span><div class=\"wp-block-cover__inner-container is-layout-flow wp-block-cover-is-layout-flow\">\n<h2 class=\"wp-block-heading has-text-align-center\">Niveausystem<\/h2>\n\n\n\n<p class=\"has-text-align-center lvl-subtitle\">Unsere Maschinen sind <strong>in vier Kategorien eingeteilt<\/strong> , sodass Sie je nach H\u00f6he, Gewicht und Komplexit\u00e4t der Bedienung die ideale Ausr\u00fcstung f\u00fcr jede Aufgabe im Bereich der Glasverarbeitung ausw\u00e4hlen k\u00f6nnen.<\/p>\n\n\n\n<div class=\"wp-block-columns lvl-total is-layout-flex wp-container-core-columns-is-layout-1 wp-block-columns-is-layout-flex\">\n<div class=\"wp-block-column is-layout-flow wp-block-column-is-layout-flow\">\n<h5 class=\"wp-block-heading has-text-align-center title-lvl\">Stufe 1* Smart<\/h5>\n\n\n<div class=\"wp-block-image\">\n<figure class=\"aligncenter size-medium is-resized\"><a href=\"https:\/\/glasshandlingholland.com\/use\/productline-smart-level-1\/\"><img loading=\"lazy\" decoding=\"async\" width=\"300\" height=\"210\" src=\"https:\/\/glasshandlingholland.com\/wp-content\/uploads\/2025\/11\/level-1-smart-300x210.png\" alt=\"\" class=\"wp-image-10537\" style=\"width:250px\" srcset=\"https:\/\/glasshandlingholland.com\/wp-content\/uploads\/2025\/11\/level-1-smart-300x210.png 300w, https:\/\/glasshandlingholland.com\/wp-content\/uploads\/2025\/11\/level-1-smart-480x336.png 480w, https:\/\/glasshandlingholland.com\/wp-content\/uploads\/2025\/11\/level-1-smart.png 500w\" sizes=\"auto, (max-width: 300px) 100vw, 300px\" \/><\/a><\/figure><\/div>\n\n\n<p><\/p>\n\n\n<div class=\"wp-block-image\">\n<figure class=\"aligncenter size-full is-resized\"><img loading=\"lazy\" decoding=\"async\" width=\"69\" height=\"66\" src=\"https:\/\/glasshandlingholland.com\/wp-content\/uploads\/2025\/06\/1-star-1.png\" alt=\"1 Stern\" class=\"wp-image-7060\" style=\"width:42px;height:auto\" srcset=\"https:\/\/glasshandlingholland.com\/wp-content\/uploads\/2025\/06\/1-star-1.png 69w, https:\/\/glasshandlingholland.com\/wp-content\/uploads\/2025\/06\/1-star-1-13x12.png 13w\" sizes=\"auto, (max-width: 69px) 100vw, 69px\" \/><\/figure><\/div>\n\n\n<p class=\"has-text-align-center lvl-par\">Mit unseren <strong>intelligenten Vakuumhebern<\/strong> und <strong>Glashandhabungswerkzeugen<\/strong> k\u00f6nnen Sie Glas bewegen und montieren \u2013 perfekt f\u00fcr Arbeiten am Boden. Es ist leichter, sicherer und effizienter, mit weniger Arbeitsaufwand und geringeren Kosten.<\/p>\n\n\n\n<a href=\"https:\/\/glasshandlingholland.com\/use\/productline-smart-level-1\/\" class=\"button-link-lvl\">\n PRODUKTE ANSEHEN <span class=\"arrow\">\u203a<\/span>\n  <\/a>\n<\/div>\n\n\n\n<div class=\"wp-block-column is-layout-flow wp-block-column-is-layout-flow\">\n<h5 class=\"wp-block-heading has-text-align-center title-lvl\">Stufe 2* Traditionell<\/h5>\n\n\n<div class=\"wp-block-image\">\n<figure class=\"aligncenter size-medium is-resized\"><a href=\"https:\/\/glasshandlingholland.com\/use\/safety-level-2-s2\/\"><img loading=\"lazy\" decoding=\"async\" width=\"300\" height=\"210\" src=\"https:\/\/glasshandlingholland.com\/wp-content\/uploads\/2025\/11\/level-2-traditional-300x210.png\" alt=\"\" class=\"wp-image-10546\" style=\"width:250px\" srcset=\"https:\/\/glasshandlingholland.com\/wp-content\/uploads\/2025\/11\/level-2-traditional-300x210.png 300w, https:\/\/glasshandlingholland.com\/wp-content\/uploads\/2025\/11\/level-2-traditional-480x336.png 480w, https:\/\/glasshandlingholland.com\/wp-content\/uploads\/2025\/11\/level-2-traditional.png 500w\" sizes=\"auto, (max-width: 300px) 100vw, 300px\" \/><\/a><\/figure><\/div>\n\n\n<p><\/p>\n\n\n<div class=\"wp-block-image\">\n<figure class=\"aligncenter size-full is-resized\"><img loading=\"lazy\" decoding=\"async\" width=\"141\" height=\"66\" src=\"https:\/\/glasshandlingholland.com\/wp-content\/uploads\/2025\/06\/2-stars.png\" alt=\"\" class=\"wp-image-7062\" style=\"width:auto;height:40px\" srcset=\"https:\/\/glasshandlingholland.com\/wp-content\/uploads\/2025\/06\/2-stars.png 141w, https:\/\/glasshandlingholland.com\/wp-content\/uploads\/2025\/06\/2-stars-18x8.png 18w\" sizes=\"auto, (max-width: 141px) 100vw, 141px\" \/><\/figure><\/div>\n\n\n<p class=\"has-text-align-center lvl-par\">Die Kraft zeitloser Einfachheit: Unsere <strong>Traditional-Serie<\/strong> eignet sich perfekt f\u00fcr <strong>Renovierungsprojekte, niedrige Geb\u00e4ude<\/strong> und <strong>schwer zug\u00e4ngliche Bereiche<\/strong> , beispielsweise f\u00fcr den Einsatz <strong>von Glaswagen, Minikr\u00e4nen<\/strong> oder dem <strong>Gevelridder<\/strong> .<\/p>\n\n\n\n<a href=\"https:\/\/glasshandlingholland.com\/use\/safety-level-2-s2\/\" class=\"button-link-lvl\">\n PRODUKTE ANSEHEN <span class=\"arrow\">\u203a<\/span>\n  <\/a>\n<\/div>\n\n\n\n<div class=\"wp-block-column is-layout-flow wp-block-column-is-layout-flow\">\n<h5 class=\"wp-block-heading has-text-align-center title-lvl\">Stufe 3* Ausgezeichnet<\/h5>\n\n\n<div class=\"wp-block-image\">\n<figure class=\"aligncenter size-medium is-resized\"><a href=\"https:\/\/glasshandlingholland.com\/use\/productline-excellent-level-3\/\"><img loading=\"lazy\" decoding=\"async\" width=\"300\" height=\"210\" src=\"https:\/\/glasshandlingholland.com\/wp-content\/uploads\/2025\/11\/level-3-excellent-300x210.png\" alt=\"\" class=\"wp-image-10552\" style=\"width:250px\" srcset=\"https:\/\/glasshandlingholland.com\/wp-content\/uploads\/2025\/11\/level-3-excellent-300x210.png 300w, https:\/\/glasshandlingholland.com\/wp-content\/uploads\/2025\/11\/level-3-excellent-480x336.png 480w, https:\/\/glasshandlingholland.com\/wp-content\/uploads\/2025\/11\/level-3-excellent.png 500w\" sizes=\"auto, (max-width: 300px) 100vw, 300px\" \/><\/a><\/figure><\/div>\n\n\n<p><\/p>\n\n\n<div class=\"wp-block-image\">\n<figure class=\"aligncenter size-full is-resized\"><img loading=\"lazy\" decoding=\"async\" width=\"213\" height=\"66\" src=\"https:\/\/glasshandlingholland.com\/wp-content\/uploads\/2025\/06\/3-stars.png\" alt=\"\" class=\"wp-image-7063\" style=\"width:auto;height:40px\" srcset=\"https:\/\/glasshandlingholland.com\/wp-content\/uploads\/2025\/06\/3-stars.png 213w, https:\/\/glasshandlingholland.com\/wp-content\/uploads\/2025\/06\/3-stars-18x6.png 18w\" sizes=\"auto, (max-width: 213px) 100vw, 213px\" \/><\/figure><\/div>\n\n\n<p class=\"has-text-align-center lvl-par\">Innovativ, zuverl\u00e4ssig und extrem sicher: Die <strong>Excellent-Serie<\/strong> bietet die sichersten und zuverl\u00e4ssigsten Hebel\u00f6sungen und ist ideal f\u00fcr <strong>Hochh\u00e4user, \u00f6ffentliche R\u00e4ume und komplexe Projekte,<\/strong> bei denen gro\u00dfe Fahrzeuge oder Kr\u00e4ne zum Einsatz kommen.<br\/><\/p>\n\n\n\n<a href=\"https:\/\/glasshandlingholland.com\/use\/productline-excellent-level-3\/\" class=\"button-link-lvl\">\n PRODUKTE ANSEHEN <span class=\"arrow\">\u203a<\/span>\n  <\/a>\n<\/div>\n\n\n\n<div class=\"wp-block-column is-layout-flow wp-block-column-is-layout-flow\">\n<h5 class=\"wp-block-heading has-text-align-center title-lvl\">Industrielevel 4*<\/h5>\n\n\n<div class=\"wp-block-image\">\n<figure class=\"aligncenter size-medium is-resized\"><a href=\"https:\/\/glasshandlingholland.com\/use\/productline-industry-level-4\/\"><img loading=\"lazy\" decoding=\"async\" width=\"300\" height=\"210\" src=\"https:\/\/glasshandlingholland.com\/wp-content\/uploads\/2025\/11\/level-4-industrial-300x210.png\" alt=\"\" class=\"wp-image-10556\" style=\"width:250px\" srcset=\"https:\/\/glasshandlingholland.com\/wp-content\/uploads\/2025\/11\/level-4-industrial-300x210.png 300w, https:\/\/glasshandlingholland.com\/wp-content\/uploads\/2025\/11\/level-4-industrial-480x336.png 480w, https:\/\/glasshandlingholland.com\/wp-content\/uploads\/2025\/11\/level-4-industrial.png 500w\" sizes=\"auto, (max-width: 300px) 100vw, 300px\" \/><\/a><\/figure><\/div>\n\n\n<p><\/p>\n\n\n<div class=\"wp-block-image\">\n<figure class=\"aligncenter size-full is-resized\"><img loading=\"lazy\" decoding=\"async\" width=\"285\" height=\"66\" src=\"https:\/\/glasshandlingholland.com\/wp-content\/uploads\/2025\/06\/4-stars.png\" alt=\"\" class=\"wp-image-7064\" style=\"width:auto;height:40px\" srcset=\"https:\/\/glasshandlingholland.com\/wp-content\/uploads\/2025\/06\/4-stars.png 285w, https:\/\/glasshandlingholland.com\/wp-content\/uploads\/2025\/06\/4-stars-18x4.png 18w\" sizes=\"auto, (max-width: 285px) 100vw, 285px\" \/><\/figure><\/div>\n\n\n<p class=\"lvl-par\">Sicherheit und Effizienz in <strong>der Industrie \u2013<\/strong> Unsere <strong>Hebehilfen, Vakuumheber, Maschinen und Lagerregale<\/strong> basieren auf 60 Jahren Erfahrung. Setzen Sie auf <strong>Sicherheit und Zuverl\u00e4ssigkeit<\/strong> f\u00fcr Ihre Produktionsprozesse! <\/p>\n\n\n\n<a href=\"https:\/\/glasshandlingholland.com\/use\/productline-industry-level-4\/\" class=\"button-link-lvl\">\n PRODUKTE ANSEHEN <span class=\"arrow\">\u203a<\/span>\n  <\/a>\n<\/div>\n<\/div>\n<\/div><\/div>\n\n<p><\/p>\n\n<div style=\"height:85px\" aria-hidden=\"true\" class=\"wp-block-spacer\"><\/div>\n\n<h2 class=\"wp-block-heading has-text-align-center\">unsere Erfahrung<\/h2>\n\n<p class=\"has-text-align-center\"><\/p>\n\n\n\n\n<!-- slider_block -->\n<div id=\"slider-block_19b83c2c259026127b69be5f40a87562\" class=\"slider_block \">\n    <ul>\n                    <li>\n                <div>\n                    <div class=\"quote\">\n                        <blockquote>\n                            <h5><strong>Island<\/strong><\/h5>                            <h5>Bauunternehmen<\/h5>                            <p>Iceland entschied sich ebenfalls f\u00fcr Ausr\u00fcstung zur Glasbearbeitung. Ihr erster Auftrag war ein Erfolg: die Installation von Fenstern in einem Fahrradladen! <\/p>\n\t\t\t\t\t\t\t<a class=\"wp-block-button__link\" href=\"https:\/\/glasshandlingholland.com\/de\/products\/griff-fur-grose-teller\/\">VIEW PRODUCT<\/a>                        <\/blockquote>\n                    <\/div>\n                                        <aside>\n             \t\t\t<img decoding=\"async\" class=\"exp_slider\" src=\"https:\/\/glasshandlingholland.com\/wp-content\/uploads\/2020\/11\/ijsland.jpg\" alt=\"Glass\">\n                    <\/aside>\n                                    <\/div>\n            <\/li>\n                    <li>\n                <div>\n                    <div class=\"quote\">\n                        <blockquote>\n                            <h5><strong>Herr Kooper<\/strong><\/h5>                            <h5>Glasfirma in Holland<\/h5>                            <p>Nie war die Aufbewahrung von Glas so einfach. Ein ma\u00dfgefertigtes Produkt, das wie angegossen passt! <\/p>\n\t\t\t\t\t\t\t<a class=\"wp-block-button__link\" href=\"https:\/\/glasshandlingholland.com\/de\/products\/ko250-glassrack-500-kg\/\">VIEW PRODUCT<\/a>                        <\/blockquote>\n                    <\/div>\n                                        <aside>\n             \t\t\t<img decoding=\"async\" class=\"exp_slider\" src=\"https:\/\/glasshandlingholland.com\/wp-content\/uploads\/2020\/11\/IMG_6637-scaled.jpg\" alt=\"Glass\">\n                    <\/aside>\n                                    <\/div>\n            <\/li>\n                    <li>\n                <div>\n                    <div class=\"quote\">\n                        <blockquote>\n                            <h5><strong>Herr Mol<\/strong><\/h5>                            <h5>Dachglasspezialist.  <\/h5>                            <p>Muyen ist ein Unternehmen, das sich auf L\u00f6sungen im Bereich des Glashandels spezialisiert hat. Sie denken l\u00f6sungsorientiert. Ihre L\u00f6sungen sind kreativ und gut.    <\/p>\n\t\t\t\t\t\t\t<a class=\"wp-block-button__link\" href=\"https:\/\/glasshandlingholland.com\/de\/products\/glasheber-fenstermontagegerat-tilly-150-kg\/\">VIEW PRODUCT<\/a>                        <\/blockquote>\n                    <\/div>\n                                        <aside>\n             \t\t\t<img decoding=\"async\" class=\"exp_slider\" src=\"https:\/\/glasshandlingholland.com\/wp-content\/uploads\/2024\/06\/tuinmaximaal.jpg\" alt=\"Glass\">\n                    <\/aside>\n                                    <\/div>\n            <\/li>\n            <\/ul>\n<\/div>\n<!-- \/slider_block -->\n","protected":false},"excerpt":{"rendered":"<p>unsere Erfahrung<\/p>\n","protected":false},"author":1,"featured_media":7836,"parent":0,"menu_order":0,"comment_status":"closed","ping_status":"closed","template":"","meta":{"_acf_changed":false,"_seopress_robots_primary_cat":"","_seopress_titles_title":"Glass Handling Tools for Glaziers | Glass Handling Holland","_seopress_titles_desc":"We understand your needs in the glass industry, offering innovative solutions for processing, transporting, lifting, and hoisting glass.","_seopress_robots_index":"","_monsterinsights_skip_tracking":false,"_monsterinsights_sitenote_active":false,"_monsterinsights_sitenote_note":"","_monsterinsights_sitenote_category":0,"_uf_show_specific_survey":0,"_uf_disable_surveys":false,"_joinchat":[],"footnotes":""},"class_list":["post-8157","page","type-page","status-publish","has-post-thumbnail","hentry"],"acf":[],"_links":{"self":[{"href":"https:\/\/glasshandlingholland.com\/de\/wp-json\/wp\/v2\/pages\/8157","targetHints":{"allow":["GET"]}}],"collection":[{"href":"https:\/\/glasshandlingholland.com\/de\/wp-json\/wp\/v2\/pages"}],"about":[{"href":"https:\/\/glasshandlingholland.com\/de\/wp-json\/wp\/v2\/types\/page"}],"author":[{"embeddable":true,"href":"https:\/\/glasshandlingholland.com\/de\/wp-json\/wp\/v2\/users\/1"}],"replies":[{"embeddable":true,"href":"https:\/\/glasshandlingholland.com\/de\/wp-json\/wp\/v2\/comments?post=8157"}],"version-history":[{"count":34,"href":"https:\/\/glasshandlingholland.com\/de\/wp-json\/wp\/v2\/pages\/8157\/revisions"}],"predecessor-version":[{"id":10560,"href":"https:\/\/glasshandlingholland.com\/de\/wp-json\/wp\/v2\/pages\/8157\/revisions\/10560"}],"wp:featuredmedia":[{"embeddable":true,"href":"https:\/\/glasshandlingholland.com\/de\/wp-json\/wp\/v2\/media\/7836"}],"wp:attachment":[{"href":"https:\/\/glasshandlingholland.com\/de\/wp-json\/wp\/v2\/media?parent=8157"}],"curies":[{"name":"wp","href":"https:\/\/api.w.org\/{rel}","templated":true}]}}