{"id":8147,"date":"2025-10-21T13:24:38","date_gmt":"2025-10-21T13:24:38","guid":{"rendered":"https:\/\/glasshandlingholland.com\/uber-uns\/astrid-de-groot\/"},"modified":"2025-11-19T15:39:57","modified_gmt":"2025-11-19T15:39:57","slug":"astrid-de-groot","status":"publish","type":"page","link":"https:\/\/glasshandlingholland.com\/de\/uber-uns\/astrid-de-groot\/","title":{"rendered":"Astrid de Groot"},"content":{"rendered":"<div class=\"wp-block-image\">\n<figure class=\"alignleft size-large is-resized\"><img loading=\"lazy\" decoding=\"async\" width=\"683\" height=\"1024\" src=\"https:\/\/glasshandlingholland.com\/wp-content\/uploads\/2025\/01\/astriddegroot4-683x1024.jpg\" alt=\"Astrid de Groot\" class=\"wp-image-6141\" style=\"width:291px;height:437px\" srcset=\"https:\/\/glasshandlingholland.com\/wp-content\/uploads\/2025\/01\/astriddegroot4-683x1024.jpg 683w, https:\/\/glasshandlingholland.com\/wp-content\/uploads\/2025\/01\/astriddegroot4-200x300.jpg 200w, https:\/\/glasshandlingholland.com\/wp-content\/uploads\/2025\/01\/astriddegroot4-768x1152.jpg 768w, https:\/\/glasshandlingholland.com\/wp-content\/uploads\/2025\/01\/astriddegroot4-1024x1536.jpg 1024w, https:\/\/glasshandlingholland.com\/wp-content\/uploads\/2025\/01\/astriddegroot4-1365x2048.jpg 1365w, https:\/\/glasshandlingholland.com\/wp-content\/uploads\/2025\/01\/astriddegroot4-8x12.jpg 8w, https:\/\/glasshandlingholland.com\/wp-content\/uploads\/2025\/01\/astriddegroot4-480x720.jpg 480w, https:\/\/glasshandlingholland.com\/wp-content\/uploads\/2025\/01\/astriddegroot4-960x1440.jpg 960w, https:\/\/glasshandlingholland.com\/wp-content\/uploads\/2025\/01\/astriddegroot4-1200x1800.jpg 1200w, https:\/\/glasshandlingholland.com\/wp-content\/uploads\/2025\/01\/astriddegroot4-2000x3000.jpg 2000w, https:\/\/glasshandlingholland.com\/wp-content\/uploads\/2025\/01\/astriddegroot4-scaled.jpg 1707w\" sizes=\"auto, (max-width: 683px) 100vw, 683px\" \/><\/figure><\/div>\n<h5 class=\"wp-block-heading has-text-align-left\">\u00dcber Astrid de Groot<\/h5>\n\n<p>Spezialist f\u00fcr Glashandhabungswerkzeuge \u2013 mit Passie f\u00fcr den Urlaub, der Beratung und der Beratung durch den Kunden.<\/p>\n\n<p>Astrid de Groot dr\u00e4ngt alles aus dem Glas \u2013 und um den Menschen die Arbeit zu erleichtern. Astrid hat sich seit langem mit Glashandhabungswerkzeugen besch\u00e4ftigt und sch\u00e4tzt, dass die Glaser ihre Arbeit effizient und effizient erledigen konnten. <\/p>\n\n<p>Es gibt keinen Hinweis darauf, welche rechtlichen Voraussetzungen erf\u00fcllt sind, der Service bietet jedoch einen Verlust an: Astrid freut sich \u00fcber Sicherheit, Sicherheit und Sicherheit. Keine Verkoopraatjes, aber ich denke immer noch an den Kunden. <\/p>\n\n<p>Das von uns befreundete Team hat uns daf\u00fcr gesorgt, dass die Qualit\u00e4t und die Vertrauensw\u00fcrdigkeit f\u00fcr den Rest der Zeit gew\u00e4hrleistet sind. Ich m\u00f6chte eine gute Arbeitserfahrung haben \u2013 aber ich habe ein gutes Gef\u00fchl bei der Arbeit in nur wenigen Minuten. <\/p>\n\n<p>Wat je kunt verwachten:<\/p>\n\n<ul class=\"wp-block-list\">\n<li>Pers\u00f6nliche und kompetente Beratung<\/li>\n\n\n\n<li>Ein sorgf\u00e4ltig ausgew\u00e4hltes Sortiment an Glashandhabungswerkzeugen<\/li>\n\n\n\n<li>Betrouwbare Service und einfache Bedienung<\/li>\n\n\n\n<li>Ein Team, das mit Passie gearbeitet hat und sich viel M\u00fche gegeben hat, was er tut<\/li>\n<\/ul>\n\n<p>Als n\u00e4chstes arbeitet Astrid auch in der Landespolitik, mit der Absicht, f\u00fcr die MKB zu arbeiten \u2013 die Motor-Van-Onze-Wirtschaft. Es gibt viele M\u00f6glichkeiten f\u00fcr Reisende in einem strengen Wohnklima in den Niederlanden. <\/p>\n\n<p>Daarnaast ist ein leidenschaftlicher Kommissar f\u00fcr eine Metaanalyse, der junge Menschen dazu anregt, sich f\u00fcr Technik und Arbeit zu entscheiden.<\/p>\n\n<p class=\"has-text-align-left\">Als Astrid von Groot mir nicht alle Werkzeuge zur Verf\u00fcgung stellte, war sie auch ein Partner, der sie von T\u00fcr zu T\u00fcr begr\u00fcsste \u2013 und das nicht, um die Arbeit zu erledigen.<\/p>\n\n<figure class=\"wp-block-gallery has-nested-images columns-default is-cropped wp-block-gallery-2 is-layout-flex wp-block-gallery-is-layout-flex\">\n<figure class=\"wp-block-image size-full\"><img loading=\"lazy\" decoding=\"async\" width=\"768\" height=\"1024\" data-id=\"5181\" src=\"https:\/\/glasshandlingholland.com\/wp-content\/uploads\/2022\/11\/astriddegroot2-768x1024.jpg\" alt=\"\" class=\"wp-image-5181\" srcset=\"https:\/\/glasshandlingholland.com\/wp-content\/uploads\/2022\/11\/astriddegroot2-768x1024.jpg 768w, https:\/\/glasshandlingholland.com\/wp-content\/uploads\/2022\/11\/astriddegroot2-225x300.jpg 225w, https:\/\/glasshandlingholland.com\/wp-content\/uploads\/2022\/11\/astriddegroot2-1152x1536.jpg 1152w, https:\/\/glasshandlingholland.com\/wp-content\/uploads\/2022\/11\/astriddegroot2-9x12.jpg 9w, https:\/\/glasshandlingholland.com\/wp-content\/uploads\/2022\/11\/astriddegroot2-480x640.jpg 480w, https:\/\/glasshandlingholland.com\/wp-content\/uploads\/2022\/11\/astriddegroot2-960x1280.jpg 960w, https:\/\/glasshandlingholland.com\/wp-content\/uploads\/2022\/11\/astriddegroot2-1200x1600.jpg 1200w, https:\/\/glasshandlingholland.com\/wp-content\/uploads\/2022\/11\/astriddegroot2.jpg 1512w\" sizes=\"auto, (max-width: 768px) 100vw, 768px\" \/><figcaption class=\"wp-element-caption\">Astrid de Groot 2019<\/figcaption><\/figure>\n\n\n\n<figure class=\"wp-block-image size-full\"><img loading=\"lazy\" decoding=\"async\" width=\"1500\" height=\"2000\" data-id=\"5985\" src=\"https:\/\/glasshandlingholland.com\/wp-content\/uploads\/2024\/12\/hulster.jpg\" alt=\"Sondermodell Doppel-System-Vakuumlifter Fensterrahmen\" class=\"wp-image-5985\" srcset=\"https:\/\/glasshandlingholland.com\/wp-content\/uploads\/2024\/12\/hulster.jpg 1500w, https:\/\/glasshandlingholland.com\/wp-content\/uploads\/2024\/12\/hulster-225x300.jpg 225w, https:\/\/glasshandlingholland.com\/wp-content\/uploads\/2024\/12\/hulster-768x1024.jpg 768w, https:\/\/glasshandlingholland.com\/wp-content\/uploads\/2024\/12\/hulster-1152x1536.jpg 1152w, https:\/\/glasshandlingholland.com\/wp-content\/uploads\/2024\/12\/hulster-9x12.jpg 9w, https:\/\/glasshandlingholland.com\/wp-content\/uploads\/2024\/12\/hulster-480x640.jpg 480w, https:\/\/glasshandlingholland.com\/wp-content\/uploads\/2024\/12\/hulster-960x1280.jpg 960w, https:\/\/glasshandlingholland.com\/wp-content\/uploads\/2024\/12\/hulster-1200x1600.jpg 1200w\" sizes=\"auto, (max-width: 1500px) 100vw, 1500px\" \/><figcaption class=\"wp-element-caption\">Sondermodell Doppel-System-Vakuumlifter Fensterrahmen<\/figcaption><\/figure>\n\n\n\n<figure class=\"wp-block-image size-full\"><img loading=\"lazy\" decoding=\"async\" width=\"750\" height=\"976\" data-id=\"5180\" src=\"https:\/\/glasshandlingholland.com\/wp-content\/uploads\/2022\/11\/astriddegroot1.jpg\" alt=\"Astrid de Groot 2020 bestuursfunctie politiek Den Haag.\" class=\"wp-image-5180\" srcset=\"https:\/\/glasshandlingholland.com\/wp-content\/uploads\/2022\/11\/astriddegroot1.jpg 750w, https:\/\/glasshandlingholland.com\/wp-content\/uploads\/2022\/11\/astriddegroot1-231x300.jpg 231w, https:\/\/glasshandlingholland.com\/wp-content\/uploads\/2022\/11\/astriddegroot1-9x12.jpg 9w, https:\/\/glasshandlingholland.com\/wp-content\/uploads\/2022\/11\/astriddegroot1-480x625.jpg 480w\" sizes=\"auto, (max-width: 750px) 100vw, 750px\" \/><figcaption class=\"wp-element-caption\">Astrid de Groot 2020 bestuursfunctie politiek Den Haag.<\/figcaption><\/figure>\n\n\n\n<figure class=\"wp-block-image size-full\"><img loading=\"lazy\" decoding=\"async\" width=\"781\" height=\"789\" data-id=\"5675\" src=\"https:\/\/glasshandlingholland.com\/wp-content\/uploads\/2024\/02\/h905p-1.jpg\" alt=\"H905P, Tilly, Fensterfrau L\" class=\"wp-image-5675\" srcset=\"https:\/\/glasshandlingholland.com\/wp-content\/uploads\/2024\/02\/h905p-1.jpg 781w, https:\/\/glasshandlingholland.com\/wp-content\/uploads\/2024\/02\/h905p-1-297x300.jpg 297w, https:\/\/glasshandlingholland.com\/wp-content\/uploads\/2024\/02\/h905p-1-768x776.jpg 768w, https:\/\/glasshandlingholland.com\/wp-content\/uploads\/2024\/02\/h905p-1-12x12.jpg 12w, https:\/\/glasshandlingholland.com\/wp-content\/uploads\/2024\/02\/h905p-1-480x485.jpg 480w\" sizes=\"auto, (max-width: 781px) 100vw, 781px\" \/><figcaption class=\"wp-element-caption\">Glaslift, h905p, Tilly, windowmate L<\/figcaption><\/figure>\n\n\n\n<figure class=\"wp-block-image size-full is-style-default\"><img loading=\"lazy\" decoding=\"async\" width=\"1125\" height=\"1047\" data-id=\"5962\" src=\"https:\/\/glasshandlingholland.com\/wp-content\/uploads\/2024\/12\/IMG_5812.jpeg\" alt=\"Gevelridder, Glaslift Hybride\" class=\"wp-image-5962\" srcset=\"https:\/\/glasshandlingholland.com\/wp-content\/uploads\/2024\/12\/IMG_5812.jpeg 1125w, https:\/\/glasshandlingholland.com\/wp-content\/uploads\/2024\/12\/IMG_5812-300x279.jpeg 300w, https:\/\/glasshandlingholland.com\/wp-content\/uploads\/2024\/12\/IMG_5812-1024x953.jpeg 1024w, https:\/\/glasshandlingholland.com\/wp-content\/uploads\/2024\/12\/IMG_5812-768x715.jpeg 768w, https:\/\/glasshandlingholland.com\/wp-content\/uploads\/2024\/12\/IMG_5812-13x12.jpeg 13w, https:\/\/glasshandlingholland.com\/wp-content\/uploads\/2024\/12\/IMG_5812-480x447.jpeg 480w, https:\/\/glasshandlingholland.com\/wp-content\/uploads\/2024\/12\/IMG_5812-960x893.jpeg 960w\" sizes=\"auto, (max-width: 1125px) 100vw, 1125px\" \/><figcaption class=\"wp-element-caption\">Gevelridder, Glaslift Hybride<\/figcaption><\/figure>\n\n\n\n<figure class=\"wp-block-image size-full\"><img loading=\"lazy\" decoding=\"async\" width=\"2048\" height=\"1365\" data-id=\"5683\" src=\"https:\/\/glasshandlingholland.com\/wp-content\/uploads\/2024\/02\/Muyen_BL_9959-2.jpg\" alt=\"Produktion, Hergestellt in Holland\" class=\"wp-image-5683\" srcset=\"https:\/\/glasshandlingholland.com\/wp-content\/uploads\/2024\/02\/Muyen_BL_9959-2.jpg 2048w, https:\/\/glasshandlingholland.com\/wp-content\/uploads\/2024\/02\/Muyen_BL_9959-2-300x200.jpg 300w, https:\/\/glasshandlingholland.com\/wp-content\/uploads\/2024\/02\/Muyen_BL_9959-2-1024x683.jpg 1024w, https:\/\/glasshandlingholland.com\/wp-content\/uploads\/2024\/02\/Muyen_BL_9959-2-768x512.jpg 768w, https:\/\/glasshandlingholland.com\/wp-content\/uploads\/2024\/02\/Muyen_BL_9959-2-1536x1024.jpg 1536w, https:\/\/glasshandlingholland.com\/wp-content\/uploads\/2024\/02\/Muyen_BL_9959-2-18x12.jpg 18w, https:\/\/glasshandlingholland.com\/wp-content\/uploads\/2024\/02\/Muyen_BL_9959-2-480x320.jpg 480w, https:\/\/glasshandlingholland.com\/wp-content\/uploads\/2024\/02\/Muyen_BL_9959-2-960x640.jpg 960w, https:\/\/glasshandlingholland.com\/wp-content\/uploads\/2024\/02\/Muyen_BL_9959-2-1200x800.jpg 1200w, https:\/\/glasshandlingholland.com\/wp-content\/uploads\/2024\/02\/Muyen_BL_9959-2-2000x1333.jpg 2000w\" sizes=\"auto, (max-width: 2048px) 100vw, 2048px\" \/><figcaption class=\"wp-element-caption\">Produktion, Hergestellt in Holland<\/figcaption><\/figure>\n\n\n\n<figure class=\"wp-block-image size-full\"><img loading=\"lazy\" decoding=\"async\" width=\"2048\" height=\"1365\" data-id=\"5682\" src=\"https:\/\/glasshandlingholland.com\/wp-content\/uploads\/2024\/02\/Muyen_BL_0272.jpg\" alt=\"Service\" class=\"wp-image-5682\" srcset=\"https:\/\/glasshandlingholland.com\/wp-content\/uploads\/2024\/02\/Muyen_BL_0272.jpg 2048w, https:\/\/glasshandlingholland.com\/wp-content\/uploads\/2024\/02\/Muyen_BL_0272-300x200.jpg 300w, https:\/\/glasshandlingholland.com\/wp-content\/uploads\/2024\/02\/Muyen_BL_0272-1024x683.jpg 1024w, https:\/\/glasshandlingholland.com\/wp-content\/uploads\/2024\/02\/Muyen_BL_0272-768x512.jpg 768w, https:\/\/glasshandlingholland.com\/wp-content\/uploads\/2024\/02\/Muyen_BL_0272-1536x1024.jpg 1536w, https:\/\/glasshandlingholland.com\/wp-content\/uploads\/2024\/02\/Muyen_BL_0272-18x12.jpg 18w, https:\/\/glasshandlingholland.com\/wp-content\/uploads\/2024\/02\/Muyen_BL_0272-480x320.jpg 480w, https:\/\/glasshandlingholland.com\/wp-content\/uploads\/2024\/02\/Muyen_BL_0272-960x640.jpg 960w, https:\/\/glasshandlingholland.com\/wp-content\/uploads\/2024\/02\/Muyen_BL_0272-1200x800.jpg 1200w, https:\/\/glasshandlingholland.com\/wp-content\/uploads\/2024\/02\/Muyen_BL_0272-2000x1333.jpg 2000w\" sizes=\"auto, (max-width: 2048px) 100vw, 2048px\" \/><figcaption class=\"wp-element-caption\">Service<\/figcaption><\/figure>\n\n\n\n<figure class=\"wp-block-image size-full\"><img loading=\"lazy\" decoding=\"async\" width=\"1600\" height=\"1200\" data-id=\"6154\" src=\"https:\/\/glasshandlingholland.com\/wp-content\/uploads\/2025\/01\/famely.jpg\" alt=\"Astrid de Groot famely de Groot\" class=\"wp-image-6154\" srcset=\"https:\/\/glasshandlingholland.com\/wp-content\/uploads\/2025\/01\/famely.jpg 1600w, https:\/\/glasshandlingholland.com\/wp-content\/uploads\/2025\/01\/famely-300x225.jpg 300w, https:\/\/glasshandlingholland.com\/wp-content\/uploads\/2025\/01\/famely-1024x768.jpg 1024w, https:\/\/glasshandlingholland.com\/wp-content\/uploads\/2025\/01\/famely-768x576.jpg 768w, https:\/\/glasshandlingholland.com\/wp-content\/uploads\/2025\/01\/famely-1536x1152.jpg 1536w, https:\/\/glasshandlingholland.com\/wp-content\/uploads\/2025\/01\/famely-16x12.jpg 16w, https:\/\/glasshandlingholland.com\/wp-content\/uploads\/2025\/01\/famely-480x360.jpg 480w, https:\/\/glasshandlingholland.com\/wp-content\/uploads\/2025\/01\/famely-960x720.jpg 960w, https:\/\/glasshandlingholland.com\/wp-content\/uploads\/2025\/01\/famely-1200x900.jpg 1200w\" sizes=\"auto, (max-width: 1600px) 100vw, 1600px\" \/><figcaption class=\"wp-element-caption\">famos de Groot<\/figcaption><\/figure>\n\n\n\n<figure class=\"wp-block-image size-full\"><img loading=\"lazy\" decoding=\"async\" width=\"2560\" height=\"1707\" data-id=\"6219\" src=\"https:\/\/glasshandlingholland.com\/wp-content\/uploads\/2025\/01\/009rd_muyen_27012025-scaled.jpg\" alt=\"nach Hause va975\" class=\"wp-image-6219\" srcset=\"https:\/\/glasshandlingholland.com\/wp-content\/uploads\/2025\/01\/009rd_muyen_27012025-scaled.jpg 2560w, https:\/\/glasshandlingholland.com\/wp-content\/uploads\/2025\/01\/009rd_muyen_27012025-300x200.jpg 300w, https:\/\/glasshandlingholland.com\/wp-content\/uploads\/2025\/01\/009rd_muyen_27012025-1024x683.jpg 1024w, https:\/\/glasshandlingholland.com\/wp-content\/uploads\/2025\/01\/009rd_muyen_27012025-768x512.jpg 768w, https:\/\/glasshandlingholland.com\/wp-content\/uploads\/2025\/01\/009rd_muyen_27012025-1536x1024.jpg 1536w, https:\/\/glasshandlingholland.com\/wp-content\/uploads\/2025\/01\/009rd_muyen_27012025-2048x1365.jpg 2048w, https:\/\/glasshandlingholland.com\/wp-content\/uploads\/2025\/01\/009rd_muyen_27012025-18x12.jpg 18w, https:\/\/glasshandlingholland.com\/wp-content\/uploads\/2025\/01\/009rd_muyen_27012025-480x320.jpg 480w, https:\/\/glasshandlingholland.com\/wp-content\/uploads\/2025\/01\/009rd_muyen_27012025-960x640.jpg 960w, https:\/\/glasshandlingholland.com\/wp-content\/uploads\/2025\/01\/009rd_muyen_27012025-1200x800.jpg 1200w, https:\/\/glasshandlingholland.com\/wp-content\/uploads\/2025\/01\/009rd_muyen_27012025-2000x1333.jpg 2000w\" sizes=\"auto, (max-width: 2560px) 100vw, 2560px\" \/><figcaption class=\"wp-element-caption\">Vakuumheber<\/figcaption><\/figure>\n\n\n\n<figure class=\"wp-block-image size-full\"><img loading=\"lazy\" decoding=\"async\" width=\"1707\" height=\"2560\" data-id=\"6142\" src=\"https:\/\/glasshandlingholland.com\/wp-content\/uploads\/2025\/01\/astriddegroot5-scaled.jpg\" alt=\"\" class=\"wp-image-6142\" srcset=\"https:\/\/glasshandlingholland.com\/wp-content\/uploads\/2025\/01\/astriddegroot5-scaled.jpg 1707w, https:\/\/glasshandlingholland.com\/wp-content\/uploads\/2025\/01\/astriddegroot5-200x300.jpg 200w, https:\/\/glasshandlingholland.com\/wp-content\/uploads\/2025\/01\/astriddegroot5-683x1024.jpg 683w, https:\/\/glasshandlingholland.com\/wp-content\/uploads\/2025\/01\/astriddegroot5-768x1152.jpg 768w, https:\/\/glasshandlingholland.com\/wp-content\/uploads\/2025\/01\/astriddegroot5-1024x1536.jpg 1024w, https:\/\/glasshandlingholland.com\/wp-content\/uploads\/2025\/01\/astriddegroot5-1365x2048.jpg 1365w, https:\/\/glasshandlingholland.com\/wp-content\/uploads\/2025\/01\/astriddegroot5-8x12.jpg 8w, https:\/\/glasshandlingholland.com\/wp-content\/uploads\/2025\/01\/astriddegroot5-480x720.jpg 480w, https:\/\/glasshandlingholland.com\/wp-content\/uploads\/2025\/01\/astriddegroot5-960x1440.jpg 960w, https:\/\/glasshandlingholland.com\/wp-content\/uploads\/2025\/01\/astriddegroot5-1200x1800.jpg 1200w, https:\/\/glasshandlingholland.com\/wp-content\/uploads\/2025\/01\/astriddegroot5-2000x3000.jpg 2000w\" sizes=\"auto, (max-width: 1707px) 100vw, 1707px\" \/><figcaption class=\"wp-element-caption\">Wir m\u00f6chten zufriedene Kunden ohne R\u00fcckenprobleme, die guten Service und Qualit\u00e4t zu einem fairen Preis erhalten.<\/figcaption><\/figure>\n\n\n\n<figure class=\"wp-block-image size-full\"><img loading=\"lazy\" decoding=\"async\" width=\"1920\" height=\"2560\" data-id=\"2675\" src=\"https:\/\/glasshandlingholland.com\/wp-content\/uploads\/2020\/11\/astrid2-scaled.jpg\" alt=\"Astriddegroot\" class=\"wp-image-2675\" srcset=\"https:\/\/glasshandlingholland.com\/wp-content\/uploads\/2020\/11\/astrid2-scaled.jpg 1920w, https:\/\/glasshandlingholland.com\/wp-content\/uploads\/2020\/11\/astrid2-225x300.jpg 225w, https:\/\/glasshandlingholland.com\/wp-content\/uploads\/2020\/11\/astrid2-768x1024.jpg 768w, https:\/\/glasshandlingholland.com\/wp-content\/uploads\/2020\/11\/astrid2-1152x1536.jpg 1152w, https:\/\/glasshandlingholland.com\/wp-content\/uploads\/2020\/11\/astrid2-1536x2048.jpg 1536w, https:\/\/glasshandlingholland.com\/wp-content\/uploads\/2020\/11\/astrid2-9x12.jpg 9w, https:\/\/glasshandlingholland.com\/wp-content\/uploads\/2020\/11\/astrid2-480x640.jpg 480w, https:\/\/glasshandlingholland.com\/wp-content\/uploads\/2020\/11\/astrid2-960x1280.jpg 960w, https:\/\/glasshandlingholland.com\/wp-content\/uploads\/2020\/11\/astrid2-1200x1600.jpg 1200w, https:\/\/glasshandlingholland.com\/wp-content\/uploads\/2020\/11\/astrid2-2000x2667.jpg 2000w\" sizes=\"auto, (max-width: 1920px) 100vw, 1920px\" \/><figcaption class=\"wp-element-caption\">R\u00fcckenprobleme treten beim Heben geringerer Gewichte zwischen 25 und 150 kg auf, wof\u00fcr wir die richtigen Hebehilfen haben. Sie schonen Ihren R\u00fccken und Ihr Geld, weil Sie mit weniger Personen mehr schaffen k\u00f6nnen und diese gesund bleiben. <\/figcaption><\/figure>\n<\/figure>\n\n<h6 class=\"wp-block-heading alignwide has-text-align-center\">Astrid de Groot<\/h6>\n\n<div class=\"wp-block-group\"><div class=\"wp-block-group__inner-container is-layout-constrained wp-block-group-is-layout-constrained\">\n<h6 class=\"wp-block-heading has-text-align-left\">Mein Name ist Astrid de Groot. Gemeinsam mit einem engagierten Team von Fachleuten arbeiten wir t\u00e4glich unerm\u00fcdlich an der Herstellung hochwertiger Produkte speziell f\u00fcr die Glasindustrie. Alles dreht sich um Glasverarbeitung, Transport, Heben und Transportieren. Jedes unserer Produkte ist ein Unikat, hergestellt in unserer eigenen Fabrik \u2013 \u201eMade in Holland\u201c \u2013 und darauf sind wir sehr stolz.  <\/h6>\n\n\n\n<h6 class=\"wp-block-heading has-text-align-left\">Unser Ruf f\u00fcr einfache, aber clevere L\u00f6sungen, hohe Qualit\u00e4t, Nachhaltigkeit und exzellenten Service haben uns zu einem bekannten Namen in der Glasindustrie gemacht. Ein wichtiges Thema ist immer, wie wir unseren Kunden helfen k\u00f6nnen, sicher und gesund zu arbeiten und R\u00fcckenproblemen vorzubeugen. Im Bereich Hebehilfen wurden wir in den 1990er Jahren mit dem Emert-Sinoo-Preis der Gewerkschaft der Bau- und Holzarbeiter FNV ausgezeichnet. Diesem Preis folgte einige Jahre sp\u00e4ter der Preis f\u00fcr &#8222;gute Praxis&#8220; in Bilboa f\u00fcr einige unserer Entw\u00fcrfe.     <\/h6>\n\n\n\n<h6 class=\"wp-block-heading has-text-align-left\">Neben der Herstellung hochwertiger Produkte bieten wir auch Miet- und Inspektionsdienste an. Die Website Glass Handling Holland richtet sich an unsere internationalen Kunden. Glass Handling Holland ist die Datenbank f\u00fcr Glaser, ein Ort, an dem wir unsere sch\u00f6nen Produkte von Marken vorstellen, die mit unserer Philosophie der hohen Qualit\u00e4t und Sicherheit \u00fcbereinstimmen.    <\/h6>\n\n\n\n<h6 class=\"wp-block-heading has-text-align-left\">Mit \u00fcber 60 Jahren Erfahrung sind wir Experten f\u00fcr die sichere Arbeit mit Glas. Unser Engagement f\u00fcr Qualit\u00e4t und Innovation bleibt unsere treibende Kraft, und wir sind st\u00e4ndig bestrebt, unseren Kunden die besten L\u00f6sungen zu bieten.   <\/h6>\n\n\n\n<h6 class=\"wp-block-heading has-text-align-left\">Ich lade Sie herzlich dazu ein, mehr \u00fcber unsere Produkte zu erfahren und dar\u00fcber, wie wir Sie bei Ihren Bed\u00fcrfnissen in Sachen Glas unterst\u00fctzen k\u00f6nnen.<\/h6>\n\n\n\n<h6 class=\"wp-block-heading has-text-align-left\">Herzliche Gr\u00fc\u00dfe,<\/h6>\n\n\n\n<h6 class=\"wp-block-heading has-text-align-left\">Astrid de Groot<\/h6>\n\n\n\n<h6 class=\"wp-block-heading\">Glasverarbeitung Holland<\/h6>\n<\/div><\/div>\n","protected":false},"excerpt":{"rendered":"<p>\u00dcber Astrid de Groot Spezialist f\u00fcr Glashandhabungswerkzeuge \u2013 mit Passie f\u00fcr den ...<\/p>\n","protected":false},"author":2,"featured_media":7836,"parent":7808,"menu_order":0,"comment_status":"closed","ping_status":"closed","template":"","meta":{"_acf_changed":false,"_seopress_robots_primary_cat":"","_seopress_titles_title":"Astrid de Groot, Glasbearbeitungswerkzeuge f\u00fcr Glaser, seit 1961!","_seopress_titles_desc":"Astrid de Groot, Glasbearbeitungswerkzeuge f\u00fcr Glaser, seit 1961! Marke Muyen und vieles mehr. ","_seopress_robots_index":"","_monsterinsights_skip_tracking":false,"_monsterinsights_sitenote_active":false,"_monsterinsights_sitenote_note":"","_monsterinsights_sitenote_category":0,"_uf_show_specific_survey":0,"_uf_disable_surveys":false,"_joinchat":[],"footnotes":""},"class_list":["post-8147","page","type-page","status-publish","has-post-thumbnail","hentry"],"acf":[],"_links":{"self":[{"href":"https:\/\/glasshandlingholland.com\/de\/wp-json\/wp\/v2\/pages\/8147","targetHints":{"allow":["GET"]}}],"collection":[{"href":"https:\/\/glasshandlingholland.com\/de\/wp-json\/wp\/v2\/pages"}],"about":[{"href":"https:\/\/glasshandlingholland.com\/de\/wp-json\/wp\/v2\/types\/page"}],"author":[{"embeddable":true,"href":"https:\/\/glasshandlingholland.com\/de\/wp-json\/wp\/v2\/users\/2"}],"replies":[{"embeddable":true,"href":"https:\/\/glasshandlingholland.com\/de\/wp-json\/wp\/v2\/comments?post=8147"}],"version-history":[{"count":4,"href":"https:\/\/glasshandlingholland.com\/de\/wp-json\/wp\/v2\/pages\/8147\/revisions"}],"predecessor-version":[{"id":10471,"href":"https:\/\/glasshandlingholland.com\/de\/wp-json\/wp\/v2\/pages\/8147\/revisions\/10471"}],"up":[{"embeddable":true,"href":"https:\/\/glasshandlingholland.com\/de\/wp-json\/wp\/v2\/pages\/7808"}],"wp:featuredmedia":[{"embeddable":true,"href":"https:\/\/glasshandlingholland.com\/de\/wp-json\/wp\/v2\/media\/7836"}],"wp:attachment":[{"href":"https:\/\/glasshandlingholland.com\/de\/wp-json\/wp\/v2\/media?parent=8147"}],"curies":[{"name":"wp","href":"https:\/\/api.w.org\/{rel}","templated":true}]}}