{"id":8135,"date":"2025-10-21T13:24:37","date_gmt":"2025-10-21T13:24:37","guid":{"rendered":"https:\/\/glasshandlingholland.com\/zoeken\/"},"modified":"2025-11-19T15:39:50","modified_gmt":"2025-11-19T15:39:50","slug":"zoeken","status":"publish","type":"page","link":"https:\/\/glasshandlingholland.com\/de\/zoeken\/","title":{"rendered":"Zoeken"},"content":{"rendered":"\n<h2 class=\"wp-block-heading\">Produkte<\/h2>\n\n<p><a href=\"https:\/\/glasshandlingholland.com\/de\/category\/vakuumlifter\/\" data-type=\"URL\" data-id=\"https:\/\/glasshandlingholland.com\/category\/vacuumlifters\/\">Ich brauche einen Staubsauger auf den Akkumulatoren.<\/a> <br\/><a href=\"https:\/\/glasshandlingholland.com\/de\/produkte\/\">Ich ben\u00f6tige einen Staubsauger f\u00fcr den Betrieb in der Arbeitsumgebung mit 220 oder 380 Volt. <\/a><br\/><a href=\"https:\/\/glasshandlingholland.com\/category\/transport\" class=\"broken_link\">Ich ben\u00f6tige einen Transport auf dem Grundst\u00fcck, um die Umgebung zu erreichen.<\/a><br\/><a href=\"https:\/\/glasshandlingholland.com\/category\/transportkar\" class=\"broken_link\">Ich ben\u00f6tige ein Transportmittel in meinen Arbeitsr\u00e4umen auf einer Stra\u00dfe.<\/a><br\/><a href=\"https:\/\/glasshandlingholland.com\/de\/\" type=\"URL\" id=\"https:\/\/glasshandlingholland.com\/de\/category\/hoisting\">Ich wollte einen Hijsapparaat auf den Bouwplaats, zoals ein Gevelridder, Hijswagen of Evenaar.<\/a><br\/><a href=\"https:\/\/glasshandlingholland.com\/de\/produkte\/\">Ich m\u00f6chte einen Job in meinem Arbeitsalltag haben, also einen Job oder einen Job machen.<\/a><br\/><a href=\"https:\/\/glasshandlingholland.com\/de\/produkte\/\">Ich suche eine Glasrek, Glasbok, Schuifstellingen, Figuurglasrekken etc.<\/a><br\/><a href=\"https:\/\/glasshandlingholland.com\/category\/grinding-cutting\" type=\"URL\" id=\"https:\/\/glasshandlingholland.com\/category\/grinding-cutting\" class=\"broken_link\">Ik zoek een slijpmachine.<\/a>  <br\/><a href=\"https:\/\/glasshandlingholland.com\/category\/glass-cutting\" type=\"URL\" id=\"https:\/\/glasshandlingholland.com\/category\/glass-cutting\" class=\"broken_link\">Ich suche eine Glas-Nijder-Tafel oder eine Glas-Nijder-Karte.<\/a><br\/><a href=\"https:\/\/glasshandlingholland.com\/de\/produkte\/\">Ik zoek <\/a><a href=\"https:\/\/glasshandlingholland.com\/de\/\">handgereedschap <\/a><a href=\"https:\/\/glasshandlingholland.com\/de\/produkte\/\">z.B. pompzuiger, kantelblokken etc.<\/a><\/p>\n\n<h2 class=\"wp-block-heading\">Huren und 2e H\u00e4nde<\/h2>\n\n<p><a href=\"https:\/\/glasshandlingholland.com\/de\/produkte\/\">Ich werde <\/a><a href=\"https:\/\/glasshandlingholland.com\/category\/ik-wil-huren\" class=\"broken_link\">huren<\/a><a href=\"https:\/\/glasshandlingholland.com\/de\/produkte\/\">.<\/a>  <br\/><a href=\"https:\/\/glasshandlingholland.com\/category\/2e-hands\" type=\"URL\" id=\"https:\/\/glasshandlingholland.com\/category\/2e-hands\" class=\"broken_link\">Ik zoek 2e hands producten.<\/a><\/p>\n\n<h2 class=\"wp-block-heading\">Auftrag und Auftragsbearbeitung<\/h2>\n\n<p><a href=\"https:\/\/glasshandlingholland.com\/de\/produkte\/\">Ich werde gerne bestellen. (altijd uit voorraad) <\/a><br\/><a href=\"https:\/\/glasshandlingholland.com\/de\/produkte\/\" data-type=\"URL\" data-id=\"https:\/\/glasshandlingholland.com\/products\/\">Ich werde eine Serviceanfrage stellen.<\/a><br\/><a href=\"https:\/\/glasshandlingholland.com\/de\/produkte\/\" data-type=\"URL\" data-id=\"https:\/\/glasshandlingholland.com\/products\/\">Ich m\u00f6chte, dass die Produkte vor dem Kauf freigeschaltet werden. <\/a><\/p>\n\n<p><\/p>\n","protected":false},"excerpt":{"rendered":"<p>Produkte Ich brauche einen Staubsauger auf den Akkumulatoren. Ich ben\u00f6tige einen Staubsauger ...<\/p>\n","protected":false},"author":2,"featured_media":8138,"parent":0,"menu_order":0,"comment_status":"closed","ping_status":"closed","template":"","meta":{"_acf_changed":false,"_seopress_robots_primary_cat":"","_seopress_titles_title":"","_seopress_titles_desc":"","_seopress_robots_index":"","_monsterinsights_skip_tracking":false,"_monsterinsights_sitenote_active":false,"_monsterinsights_sitenote_note":"","_monsterinsights_sitenote_category":0,"_uf_show_specific_survey":0,"_uf_disable_surveys":false,"_joinchat":[],"footnotes":""},"class_list":["post-8135","page","type-page","status-publish","has-post-thumbnail","hentry"],"acf":[],"_links":{"self":[{"href":"https:\/\/glasshandlingholland.com\/de\/wp-json\/wp\/v2\/pages\/8135","targetHints":{"allow":["GET"]}}],"collection":[{"href":"https:\/\/glasshandlingholland.com\/de\/wp-json\/wp\/v2\/pages"}],"about":[{"href":"https:\/\/glasshandlingholland.com\/de\/wp-json\/wp\/v2\/types\/page"}],"author":[{"embeddable":true,"href":"https:\/\/glasshandlingholland.com\/de\/wp-json\/wp\/v2\/users\/2"}],"replies":[{"embeddable":true,"href":"https:\/\/glasshandlingholland.com\/de\/wp-json\/wp\/v2\/comments?post=8135"}],"version-history":[{"count":4,"href":"https:\/\/glasshandlingholland.com\/de\/wp-json\/wp\/v2\/pages\/8135\/revisions"}],"predecessor-version":[{"id":10465,"href":"https:\/\/glasshandlingholland.com\/de\/wp-json\/wp\/v2\/pages\/8135\/revisions\/10465"}],"wp:featuredmedia":[{"embeddable":true,"href":"https:\/\/glasshandlingholland.com\/de\/wp-json\/wp\/v2\/media\/8138"}],"wp:attachment":[{"href":"https:\/\/glasshandlingholland.com\/de\/wp-json\/wp\/v2\/media?parent=8135"}],"curies":[{"name":"wp","href":"https:\/\/api.w.org\/{rel}","templated":true}]}}