{"id":8119,"date":"2025-10-21T13:24:33","date_gmt":"2025-10-21T13:24:33","guid":{"rendered":"https:\/\/glasshandlingholland.com\/erreichbar-in-ganz-europa\/"},"modified":"2025-11-19T15:39:58","modified_gmt":"2025-11-19T15:39:58","slug":"kontakt","status":"publish","type":"page","link":"https:\/\/glasshandlingholland.com\/de\/kontakt\/","title":{"rendered":"Kontakt"},"content":{"rendered":"<script type=\"text\/javascript\">var gform;gform||(document.addEventListener(\"gform_main_scripts_loaded\",function(){gform.scriptsLoaded=!0}),document.addEventListener(\"gform\/theme\/scripts_loaded\",function(){gform.themeScriptsLoaded=!0}),window.addEventListener(\"DOMContentLoaded\",function(){gform.domLoaded=!0}),gform={domLoaded:!1,scriptsLoaded:!1,themeScriptsLoaded:!1,isFormEditor:()=>\"function\"==typeof InitializeEditor,callIfLoaded:function(o){return!(!gform.domLoaded||!gform.scriptsLoaded||!gform.themeScriptsLoaded&&!gform.isFormEditor()||(gform.isFormEditor()&&console.warn(\"The use of gform.initializeOnLoaded() is deprecated in the form editor context and will be removed in Gravity Forms 3.1.\"),o(),0))},initializeOnLoaded:function(o){gform.callIfLoaded(o)||(document.addEventListener(\"gform_main_scripts_loaded\",()=>{gform.scriptsLoaded=!0,gform.callIfLoaded(o)}),document.addEventListener(\"gform\/theme\/scripts_loaded\",()=>{gform.themeScriptsLoaded=!0,gform.callIfLoaded(o)}),window.addEventListener(\"DOMContentLoaded\",()=>{gform.domLoaded=!0,gform.callIfLoaded(o)}))},hooks:{action:{},filter:{}},addAction:function(o,r,e,t){gform.addHook(\"action\",o,r,e,t)},addFilter:function(o,r,e,t){gform.addHook(\"filter\",o,r,e,t)},doAction:function(o){gform.doHook(\"action\",o,arguments)},applyFilters:function(o){return gform.doHook(\"filter\",o,arguments)},removeAction:function(o,r){gform.removeHook(\"action\",o,r)},removeFilter:function(o,r,e){gform.removeHook(\"filter\",o,r,e)},addHook:function(o,r,e,t,n){null==gform.hooks[o][r]&&(gform.hooks[o][r]=[]);var d=gform.hooks[o][r];null==n&&(n=r+\"_\"+d.length),gform.hooks[o][r].push({tag:n,callable:e,priority:t=null==t?10:t})},doHook:function(r,o,e){var t;if(e=Array.prototype.slice.call(e,1),null!=gform.hooks[r][o]&&((o=gform.hooks[r][o]).sort(function(o,r){return o.priority-r.priority}),o.forEach(function(o){\"function\"!=typeof(t=o.callable)&&(t=window[t]),\"action\"==r?t.apply(null,e):e[0]=t.apply(null,e)})),\"filter\"==r)return e[0]},removeHook:function(o,r,t,n){var e;null!=gform.hooks[o][r]&&(e=(e=gform.hooks[o][r]).filter(function(o,r,e){return!!(null!=n&&n!=o.tag||null!=t&&t!=o.priority)}),gform.hooks[o][r]=e)}});<\/script>\n                <div class='gf_browser_gecko gform_wrapper gform_legacy_markup_wrapper gform-theme--no-framework' data-form-theme='legacy' data-form-index='0' id='gform_wrapper_2' style='display:none'><div id='gf_2' class='gform_anchor' tabindex='-1'><\/div>\n                        <div class='gform_heading'>\n                            <h3 class=\"gform_title\">Kontakt aufnehmen<\/h3>\n                            <p class='gform_description'><\/p>\n                        <\/div><form method='post' enctype='multipart\/form-data' target='gform_ajax_frame_2' id='gform_2'  action='\/de\/wp-json\/wp\/v2\/pages\/8119#gf_2' data-formid='2' novalidate>\n                        <div class='gform-body gform_body'><ul id='gform_fields_2' class='gform_fields top_label form_sublabel_below description_below validation_below'><li id=\"field_2_1\" class=\"gfield gfield--type-email gfield_contains_required field_sublabel_below gfield--no-description field_description_below field_validation_below gfield_visibility_visible\"  data-js-reload=\"field_2_1\" ><label class='gfield_label gform-field-label' for='input_2_1'>E-Mail<span class=\"gfield_required\"><span class=\"gfield_required gfield_required_asterisk\">*<\/span><\/span><\/label><div class='ginput_container ginput_container_email'>\n                            <input name='input_1' id='input_2_1' type='email' value='' class='medium'   placeholder='E-Mail' aria-required=\"true\" aria-invalid=\"false\"  \/>\n                        <\/div><\/li><li id=\"field_2_2\" class=\"gfield gfield--type-text gfield_contains_required field_sublabel_below gfield--no-description field_description_below field_validation_below gfield_visibility_visible\"  data-js-reload=\"field_2_2\" ><label class='gfield_label gform-field-label' for='input_2_2'>Name<span class=\"gfield_required\"><span class=\"gfield_required gfield_required_asterisk\">*<\/span><\/span><\/label><div class='ginput_container ginput_container_text'><input name='input_2' id='input_2_2' type='text' value='' class='medium'    placeholder='Name' aria-required=\"true\" aria-invalid=\"false\"   \/><\/div><\/li><li id=\"field_2_3\" class=\"gfield gfield--type-text gfield_contains_required field_sublabel_below gfield--no-description field_description_below field_validation_below gfield_visibility_visible\"  data-js-reload=\"field_2_3\" ><label class='gfield_label gform-field-label' for='input_2_3'>Unternehmen<span class=\"gfield_required\"><span class=\"gfield_required gfield_required_asterisk\">*<\/span><\/span><\/label><div class='ginput_container ginput_container_text'><input name='input_3' id='input_2_3' type='text' value='' class='medium'    placeholder='Unternehmen' aria-required=\"true\" aria-invalid=\"false\"   \/><\/div><\/li><li id=\"field_2_4\" class=\"gfield gfield--type-textarea gfield_contains_required field_sublabel_below gfield--no-description field_description_below field_validation_below gfield_visibility_visible\"  data-js-reload=\"field_2_4\" ><label class='gfield_label gform-field-label' for='input_2_4'>Frage<span class=\"gfield_required\"><span class=\"gfield_required gfield_required_asterisk\">*<\/span><\/span><\/label><div class='ginput_container ginput_container_textarea'><textarea name='input_4' id='input_2_4' class='textarea medium'    placeholder='Frage' aria-required=\"true\" aria-invalid=\"false\"   rows='10' cols='50'><\/textarea><\/div><\/li><li id=\"field_2_6\" class=\"gfield gfield--type-captcha gfield--width-full field_sublabel_below gfield--no-description field_description_below field_validation_below gfield_visibility_visible\"  data-js-reload=\"field_2_6\" ><label class='gfield_label gform-field-label' for='input_2_6'>CAPTCHA<\/label><div id='input_2_6' class='ginput_container ginput_recaptcha' data-sitekey='6LeRUA8aAAAAAGav0GWMx88nhQmnx4x9ZLUrqFD2'  data-theme='light' data-tabindex='0'  data-badge=''><\/div><\/li><\/ul><\/div>\n        <div class='gform-footer gform_footer top_label'> <input type='submit' id='gform_submit_button_2' class='gform_button button' onclick='gform.submission.handleButtonClick(this);' value='Einreichen'  \/> <input type='hidden' name='gform_ajax' value='form_id=2&amp;title=1&amp;description=1&amp;tabindex=0&amp;theme=legacy' \/>\n            <input type='hidden' class='gform_hidden' name='gform_submission_method' data-js='gform_submission_method_2' value='iframe' \/>\n            <input type='hidden' class='gform_hidden' name='gform_theme' data-js='gform_theme_2' id='gform_theme_2' value='legacy' \/>\n            <input type='hidden' class='gform_hidden' name='gform_style_settings' data-js='gform_style_settings_2' id='gform_style_settings_2' value='' \/>\n            <input type='hidden' class='gform_hidden' name='is_submit_2' value='1' \/>\n            <input type='hidden' class='gform_hidden' name='gform_submit' value='2' \/>\n            \n            <input type='hidden' class='gform_hidden' name='gform_unique_id' value='' \/>\n            <input type='hidden' class='gform_hidden' name='state_2' value='WyJbXSIsIjNmODhkMjhiNWUyOTJlNDExMjY2MjBlY2M4ODYzODZmIl0=' \/>\n            <input type='hidden' autocomplete='off' class='gform_hidden' name='gform_target_page_number_2' id='gform_target_page_number_2' value='0' \/>\n            <input type='hidden' autocomplete='off' class='gform_hidden' name='gform_source_page_number_2' id='gform_source_page_number_2' value='1' \/>\n            <input type='hidden' name='gform_field_values' value='' \/>\n            \n        <\/div>\n                        <\/form>\n                        <\/div>\n\t\t                <iframe style='display:none;width:0px;height:0px;' src='about:blank' name='gform_ajax_frame_2' id='gform_ajax_frame_2' title='This iframe contains the logic required to handle Ajax powered Gravity Forms.'><\/iframe>\n\t\t                <script type=\"text\/javascript\">\n\/* <![CDATA[ *\/\n gform.initializeOnLoaded( function() {gformInitSpinner( 2, 'https:\/\/glasshandlingholland.com\/wp-content\/plugins\/gravityforms\/images\/spinner.svg', true );jQuery('#gform_ajax_frame_2').on('load',function(){var contents = jQuery(this).contents().find('*').html();var is_postback = contents.indexOf('GF_AJAX_POSTBACK') >= 0;if(!is_postback){return;}var form_content = jQuery(this).contents().find('#gform_wrapper_2');var is_confirmation = jQuery(this).contents().find('#gform_confirmation_wrapper_2').length > 0;var is_redirect = contents.indexOf('gformRedirect(){') >= 0;var is_form = form_content.length > 0 && ! is_redirect && ! is_confirmation;var mt = parseInt(jQuery('html').css('margin-top'), 10) + parseInt(jQuery('body').css('margin-top'), 10) + 100;if(is_form){form_content.find('form').css('opacity', 0);jQuery('#gform_wrapper_2').html(form_content.html());if(form_content.hasClass('gform_validation_error')){jQuery('#gform_wrapper_2').addClass('gform_validation_error');} else {jQuery('#gform_wrapper_2').removeClass('gform_validation_error');}setTimeout( function() { \/* delay the scroll by 50 milliseconds to fix a bug in chrome *\/ jQuery(document).scrollTop(jQuery('#gform_wrapper_2').offset().top - mt); }, 50 );if(window['gformInitDatepicker']) {gformInitDatepicker();}if(window['gformInitPriceFields']) {gformInitPriceFields();}var current_page = jQuery('#gform_source_page_number_2').val();gformInitSpinner( 2, 'https:\/\/glasshandlingholland.com\/wp-content\/plugins\/gravityforms\/images\/spinner.svg', true );jQuery(document).trigger('gform_page_loaded', [2, current_page]);window['gf_submitting_2'] = false;}else if(!is_redirect){var confirmation_content = jQuery(this).contents().find('.GF_AJAX_POSTBACK').html();if(!confirmation_content){confirmation_content = contents;}jQuery('#gform_wrapper_2').replaceWith(confirmation_content);jQuery(document).scrollTop(jQuery('#gf_2').offset().top - mt);jQuery(document).trigger('gform_confirmation_loaded', [2]);window['gf_submitting_2'] = false;wp.a11y.speak(jQuery('#gform_confirmation_message_2').text());}else{jQuery('#gform_2').append(contents);if(window['gformRedirect']) {gformRedirect();}}jQuery(document).trigger(\"gform_pre_post_render\", [{ formId: \"2\", currentPage: \"current_page\", abort: function() { this.preventDefault(); } }]);                if (event && event.defaultPrevented) {                return;         }        const gformWrapperDiv = document.getElementById( \"gform_wrapper_2\" );        if ( gformWrapperDiv ) {            const visibilitySpan = document.createElement( \"span\" );            visibilitySpan.id = \"gform_visibility_test_2\";            gformWrapperDiv.insertAdjacentElement( \"afterend\", visibilitySpan );        }        const visibilityTestDiv = document.getElementById( \"gform_visibility_test_2\" );        let postRenderFired = false;                function triggerPostRender() {            if ( postRenderFired ) {                return;            }            postRenderFired = true;            jQuery( document ).trigger( 'gform_post_render', [2, current_page] );            gform.utils.trigger( { event: 'gform\/postRender', native: false, data: { formId: 2, currentPage: current_page } } );            gform.utils.trigger( { event: 'gform\/post_render', native: false, data: { formId: 2, currentPage: current_page } } );            if ( visibilityTestDiv ) {                visibilityTestDiv.parentNode.removeChild( visibilityTestDiv );            }        }        function debounce( func, wait, immediate ) {            var timeout;            return function() {                var context = this, args = arguments;                var later = function() {                    timeout = null;                    if ( !immediate ) func.apply( context, args );                };                var callNow = immediate && !timeout;                clearTimeout( timeout );                timeout = setTimeout( later, wait );                if ( callNow ) func.apply( context, args );            };        }        const debouncedTriggerPostRender = debounce( function() {            triggerPostRender();        }, 200 );        if ( visibilityTestDiv && visibilityTestDiv.offsetParent === null ) {            const observer = new MutationObserver( ( mutations ) => {                mutations.forEach( ( mutation ) => {                    if ( mutation.type === 'attributes' && visibilityTestDiv.offsetParent !== null ) {                        debouncedTriggerPostRender();                        observer.disconnect();                    }                });            });            observer.observe( document.body, {                attributes: true,                childList: false,                subtree: true,                attributeFilter: [ 'style', 'class' ],            });        } else {            triggerPostRender();        }    } );} ); \n\/* ]]> *\/\n<\/script>\n\n\n\n\n\n<!-- contact_block -->\n<div id=\"contact-block_63d10e2b442ddee0c346aa8ca29fafc0\" class=\"contact_block \">\n    <h4>Niederlande (Gro\u00dfhandel)<\/h4>    <ul>\n                    <li>\n                <h5>Glass Handling Holland, Muyen<\/h5>                <div>\n                <p><span>Contact<\/span> Astrid de Groot-Muyen<\/p>                <p><span>Address<\/span> Lingeweg 45, 4003 CH, Tiel<br \/>\r\n Die Niederlande<\/p>                <p><span>Tel.<\/span> <a href=\"tel:+316 22 927 841\">+316 22 927 841<\/a><\/p>                                                <p><span>E-mail<\/span> <a href=\"mailto:info@glasshandlingholland.com\">info@glasshandlingholland.com<\/a><\/p>                                                    <div class=\"social\">\n                                            <span>\n                        <a target=\"_blank\" href=\"https:\/\/www.facebook.com\/GlassHandlingHolland\/\">https:\/\/www.facebook.com\/GlassHandlingHolland\/<\/a>                        <a target=\"_blank\" href=\"https:\/\/www.instagram.com\/glasshandlingholland\/\">https:\/\/www.instagram.com\/glasshandlingholland\/<\/a>                        <a target=\"_blank\" href=\"https:\/\/www.linkedin.com\/company\/glass-handling-holland\/\">https:\/\/www.linkedin.com\/company\/glass-handling-holland\/<\/a>                        <\/span>\n                                        <a class=\"button button_small\" target=\"_leer\" href=\"https:\/\/goo.gl\/maps\/kvuhcZHv8pJAQquQ7\">Route planen<\/a>                    <\/div>\n                                <\/div>\n            <\/li>\n            <\/ul>\n<\/div>\n<!-- \/contact_block -->\n\n\n\n\n<!-- contact_block -->\n<div id=\"contact-block_47f4a04ae73f9cbbbc33967d1795cc9a\" class=\"contact_block \">\n    <h4>Frankreich<\/h4>    <ul>\n                    <li>\n                <h5>Pro2mat | Mini-Gruben und Gondeln ausgefahren<span> (Frankreich)  <\/span><\/h5>                <div>\n                <p><span>Contact<\/span> Stephane Martin<\/p>                <p><span>Address<\/span> PA de l&#8217;Atlantique, 332 rue D\u00e9sir\u00e9 Martin, 49170 St-L\u00e9ger-de-Lini\u00e8res<\/p>                <p><span>Tel.<\/span> <a href=\"tel:02-52605310\">02-52605310<\/a><\/p>                <p><span>Tel. mobile<\/span> <a href=\"tel:07-71-938890\">07-71-938890<\/a><\/p>                                <p><span>E-mail<\/span> <a href=\"mailto:contact@pro2mat.fr\">contact@pro2mat.fr<\/a><\/p>                <p><span>Website<\/span> <a target=\"_blank\" href=\"\/\/https:\/\/www.pro2mat.fr\/\">https:\/\/www.pro2mat.fr\/<\/a><\/p>                                    <div class=\"social\">\n                                            <span>\n                                                                        <a target=\"_blank\" href=\"https:\/\/www.linkedin.com\/in\/st%C3%A9phane-martin-995792209\/\">https:\/\/www.linkedin.com\/in\/st%C3%A9phane-martin-995792209\/<\/a>                        <\/span>\n                                        <a class=\"button button_small\" target=\"\" href=\"https:\/\/www.pro2mat.fr\/\">Pro2mat<\/a>                    <\/div>\n                                <\/div>\n            <\/li>\n                    <li>\n                <h5>gekatec<span> (FR)<\/span><\/h5>                <div>\n                <p><span>Contact<\/span> Xavier<\/p>                <p><span>Address<\/span> ZA de Bajolet &#8211; F-91 470 Forges Les Bains<\/p>                <p><span>Tel.<\/span> <a href=\"tel:+33-(0)160811461\">+33-(0)160811461<\/a><\/p>                                                <p><span>E-mail<\/span> <a href=\"mailto:info@gktechniques.fr\">info@gktechniques.fr<\/a><\/p>                <p><span>Website<\/span> <a target=\"_blank\" href=\"\/\/https:\/\/www.gktechniques.com\/\">https:\/\/www.gktechniques.com\/<\/a><\/p>                                    <div class=\"social\">\n                                            <span>\n                                                                        <a target=\"_blank\" href=\"https:\/\/www.linkedin.com\/in\/st%C3%A9phane-martin-995792209\/\">https:\/\/www.linkedin.com\/in\/st%C3%A9phane-martin-995792209\/<\/a>                        <\/span>\n                                        <a class=\"button button_small\" target=\"\" href=\"https:\/\/www.gktechniques.com\/\">gekatec<\/a>                    <\/div>\n                                <\/div>\n            <\/li>\n            <\/ul>\n<\/div>\n<!-- \/contact_block -->\n\n\n\n\n<!-- contact_block -->\n<div id=\"contact-block_ea5055a00bee469c2a2c8b15d0a31066\" class=\"contact_block \">\n    <h4>Westeuropa<\/h4>    <ul>\n                    <li>\n                <h5>Danvac<span> (VEREINIGTES K\u00d6NIGREICH)<\/span><\/h5>                <div>\n                <p><span>Contact<\/span> Dan und Michaela Wheeler<\/p>                <p><span>Address<\/span> 19F Vanguard Way, Battlefield Enterprise Park, Shrewsbury, SY1 3TG<br \/>\r\n Vereinigtes K\u00f6nigreich<\/p>                <p><span>Tel.<\/span> <a href=\"tel:07792-065865\">07792-065865<\/a><\/p>                                                <p><span>E-mail<\/span> <a href=\"mailto:Sales@Danvac.co.uk\">Sales@Danvac.co.uk<\/a><\/p>                <p><span>Website<\/span> <a target=\"_blank\" href=\"\/\/https:\/\/danvac.co.uk\/\">https:\/\/danvac.co.uk\/<\/a><\/p>                                    <div class=\"social\">\n                                            <span>\n                                                                        <a target=\"_blank\" href=\"https:\/\/www.linkedin.com\/company\/danvac\/\">https:\/\/www.linkedin.com\/company\/danvac\/<\/a>                        <\/span>\n                                        <a class=\"button button_small\" target=\"\" href=\"https:\/\/danvac.co.uk\/\">Danvac<\/a>                    <\/div>\n                                <\/div>\n            <\/li>\n            <\/ul>\n<\/div>\n<!-- \/contact_block -->\n\n\n\n\n<!-- contact_block -->\n<div id=\"contact-block_84a23273c6c498bd2c6edfe3b4d7fa21\" class=\"contact_block \">\n    <h4>Osteuropa<\/h4>    <ul>\n                    <li>\n                <h5>URBAN BiH doo<span> (BA\/HR\/RS\/me\/RKS\/al\/mk)<\/span><\/h5>                <div>\n                                <p><span>Address<\/span> Velika Brijesnica bb<br \/>\r\n 74206 Doboj Istok,<br \/>\r\n Bosnien und Herzegowina<\/p>                <p><span>Tel.<\/span> <a href=\"tel:+387 (0)35 727 111\">+387 (0)35 727 111<\/a><\/p>                <p><span>Tel. mobile<\/span> <a href=\"tel:+387 (0)62 272 000\">+387 (0)62 272 000<\/a><\/p>                                <p><span>E-mail<\/span> <a href=\"mailto:jasmina.hrnjicic@urbanbih.com\">jasmina.hrnjicic@urbanbih.com<\/a><\/p>                <p><span>Website<\/span> <a target=\"_blank\" href=\"\/\/www.urbanbih.com\">www.urbanbih.com<\/a><\/p>                                    <div class=\"social\">\n                                            <span>\n                                                                        <a target=\"_blank\" href=\"https:\/\/www.linkedin.com\/company\/urban-bih-doo\/\">https:\/\/www.linkedin.com\/company\/urban-bih-doo\/<\/a>                        <\/span>\n                                        <a class=\"button button_small\" target=\"\" href=\"https:\/\/urbanbih.com\/\">Urban<\/a>                    <\/div>\n                                <\/div>\n            <\/li>\n                    <li>\n                <h5>Glasarena<span> (RO)<\/span><\/h5>                <div>\n                <p><span>Contact<\/span> Laurentiu Nicula<\/p>                <p><span>Address<\/span> 52A, Valea Lunga Str., Sekt. 6, Bukarest, Rum\u00e4nien, PC:061508<\/p>                                <p><span>Tel. mobile<\/span> <a href=\"tel:+40-21-4442874\">+40-21-4442874<\/a><\/p>                                <p><span>E-mail<\/span> <a href=\"mailto:laurentiu.nicula@glassarena.ro\">laurentiu.nicula@glassarena.ro<\/a><\/p>                <p><span>Website<\/span> <a target=\"_blank\" href=\"\/\/http:\/\/www.glassarena.ro\/\">http:\/\/www.glassarena.ro\/<\/a><\/p>                                    <div class=\"social\">\n                                        <a class=\"button button_small\" target=\"\" href=\"http:\/\/www.glassarena.ro\/\">Glassarena<\/a>                    <\/div>\n                                <\/div>\n            <\/li>\n            <\/ul>\n<\/div>\n<!-- \/contact_block -->\n","protected":false},"excerpt":{"rendered":"","protected":false},"author":1,"featured_media":8120,"parent":0,"menu_order":0,"comment_status":"closed","ping_status":"closed","template":"","meta":{"_acf_changed":false,"_seopress_robots_primary_cat":"","_seopress_titles_title":"ERREICHBAR IN GANZ EUROPA | GLASSHANDLING","_seopress_titles_desc":"GLASSHANDLING, Glas, Europa, Gro\u00dfhandel","_seopress_robots_index":"","_monsterinsights_skip_tracking":false,"_monsterinsights_sitenote_active":false,"_monsterinsights_sitenote_note":"","_monsterinsights_sitenote_category":0,"_uf_show_specific_survey":0,"_uf_disable_surveys":false,"_joinchat":[],"footnotes":""},"class_list":["post-8119","page","type-page","status-publish","has-post-thumbnail","hentry"],"acf":[],"_links":{"self":[{"href":"https:\/\/glasshandlingholland.com\/de\/wp-json\/wp\/v2\/pages\/8119","targetHints":{"allow":["GET"]}}],"collection":[{"href":"https:\/\/glasshandlingholland.com\/de\/wp-json\/wp\/v2\/pages"}],"about":[{"href":"https:\/\/glasshandlingholland.com\/de\/wp-json\/wp\/v2\/types\/page"}],"author":[{"embeddable":true,"href":"https:\/\/glasshandlingholland.com\/de\/wp-json\/wp\/v2\/users\/1"}],"replies":[{"embeddable":true,"href":"https:\/\/glasshandlingholland.com\/de\/wp-json\/wp\/v2\/comments?post=8119"}],"version-history":[{"count":3,"href":"https:\/\/glasshandlingholland.com\/de\/wp-json\/wp\/v2\/pages\/8119\/revisions"}],"predecessor-version":[{"id":10472,"href":"https:\/\/glasshandlingholland.com\/de\/wp-json\/wp\/v2\/pages\/8119\/revisions\/10472"}],"wp:featuredmedia":[{"embeddable":true,"href":"https:\/\/glasshandlingholland.com\/de\/wp-json\/wp\/v2\/media\/8120"}],"wp:attachment":[{"href":"https:\/\/glasshandlingholland.com\/de\/wp-json\/wp\/v2\/media?parent=8119"}],"curies":[{"name":"wp","href":"https:\/\/api.w.org\/{rel}","templated":true}]}}