{"id":7875,"date":"2025-10-21T13:14:16","date_gmt":"2025-10-21T13:14:16","guid":{"rendered":"https:\/\/glasshandlingholland.com\/glasschneidetisch\/"},"modified":"2025-11-19T15:39:33","modified_gmt":"2025-11-19T15:39:33","slug":"glasschneidetisch","status":"publish","type":"page","link":"https:\/\/glasshandlingholland.com\/de\/glasschneidetisch\/","title":{"rendered":"Glasschneidetisch"},"content":{"rendered":"\n<div class=\"wp-block-columns is-layout-flex wp-container-core-columns-is-layout-2 wp-block-columns-is-layout-flex\">\n<div class=\"wp-block-column lifting-column-left is-layout-flow wp-block-column-is-layout-flow\">\n<div style=\"height:70px\" aria-hidden=\"true\" class=\"wp-block-spacer\"><\/div>\n\n\n\n<h2 class=\"wp-block-heading lifting-equipment-h2\">Glasschneidetische entworfen <br\/>f\u00fcr Sicherheit und Leistung<\/h2>\n\n\n\n<p>Wir von GlassHandling Holland wissen, wie wichtig Effizienz, Pr\u00e4zision und Sicherheit bei der Arbeit mit Glas sind. Deshalb bieten wir innovative <g id=\"gid_0\"><g id=\"gid_1\">Glasschneidetische<\/g><\/g> an, die die Glasbearbeitung einfacher und zuverl\u00e4ssiger machen. Ob Sie eine kleine Werkstatt oder ein gro\u00dfer Glasverarbeiter sind, unsere Schneidetische bieten die perfekte Kombination aus Stabilit\u00e4t, Flexibilit\u00e4t und benutzerfreundlicher Bedienung.  <\/p>\n\n\n\n<p>Im Folgenden k\u00f6nnen Sie unsere beiden hochwertigen Modelle kennenlernen: den TN320 und den TV170. Jeder Glasschneidetisch wurde f\u00fcr spezielle Anforderungen entwickelt, so dass Sie den Tisch w\u00e4hlen k\u00f6nnen, der am besten zu Ihren Produktionsanforderungen passt. <\/p>\n\n\n\n<div class=\"wp-block-columns is-layout-flex wp-container-core-columns-is-layout-1 wp-block-columns-is-layout-flex\">\n<div class=\"wp-block-column is-layout-flow wp-block-column-is-layout-flow\">\n<div class=\"wp-block-buttons is-layout-flex wp-block-buttons-is-layout-flex\">\n<div class=\"wp-block-button btn-lifting-equipment\"><a class=\"wp-block-button__link wp-element-button\" href=\"https:\/\/glasshandlingholland.com\/de\/broschure-herunterladen\/\">KATALOG HERUNTERLADEN<\/a><\/div>\n<\/div>\n<\/div>\n\n\n\n<div class=\"wp-block-column is-layout-flow wp-block-column-is-layout-flow\">\n<div class=\"wp-block-buttons is-layout-flex wp-block-buttons-is-layout-flex\">\n<div class=\"wp-block-button btn-lifting-equipment-2\"><a class=\"wp-block-button__link wp-element-button\" href=\"https:\/\/glasshandlingholland.com\/de\/category\/schneiden-und-schleifen\/\">PRODUKTE ANSEHEN<\/a><\/div>\n<\/div>\n<\/div>\n<\/div>\n<\/div>\n\n\n\n<div class=\"wp-block-column is-layout-flow wp-block-column-is-layout-flow\">\n<figure class=\"wp-block-image size-full\"><img loading=\"lazy\" decoding=\"async\" width=\"555\" height=\"683\" src=\"https:\/\/glasshandlingholland.com\/wp-content\/uploads\/2025\/09\/glass-cutting-table.png\" alt=\"Glasschneide-Tisch\" class=\"wp-image-7748\" srcset=\"https:\/\/glasshandlingholland.com\/wp-content\/uploads\/2025\/09\/glass-cutting-table.png 555w, https:\/\/glasshandlingholland.com\/wp-content\/uploads\/2025\/09\/glass-cutting-table-244x300.png 244w, https:\/\/glasshandlingholland.com\/wp-content\/uploads\/2025\/09\/glass-cutting-table-10x12.png 10w, https:\/\/glasshandlingholland.com\/wp-content\/uploads\/2025\/09\/glass-cutting-table-480x591.png 480w\" sizes=\"auto, (max-width: 555px) 100vw, 555px\" \/><\/figure>\n<\/div>\n<\/div>\n\n<div style=\"height:150px\" aria-hidden=\"true\" class=\"wp-block-spacer\"><\/div>\n\n<div class=\"wp-block-columns is-layout-flex wp-container-core-columns-is-layout-3 wp-block-columns-is-layout-flex\">\n<div class=\"wp-block-column is-layout-flow wp-block-column-is-layout-flow\">\n<figure class=\"wp-block-image size-full\"><img loading=\"lazy\" decoding=\"async\" width=\"457\" height=\"565\" src=\"https:\/\/glasshandlingholland.com\/wp-content\/uploads\/2025\/09\/glass-cutting-table-TN320.png\" alt=\"\" class=\"wp-image-7753\" srcset=\"https:\/\/glasshandlingholland.com\/wp-content\/uploads\/2025\/09\/glass-cutting-table-TN320.png 457w, https:\/\/glasshandlingholland.com\/wp-content\/uploads\/2025\/09\/glass-cutting-table-TN320-243x300.png 243w, https:\/\/glasshandlingholland.com\/wp-content\/uploads\/2025\/09\/glass-cutting-table-TN320-10x12.png 10w\" sizes=\"auto, (max-width: 457px) 100vw, 457px\" \/><\/figure>\n<\/div>\n\n\n\n<div class=\"wp-block-column is-layout-flow wp-block-column-is-layout-flow\">\n<h3 class=\"wp-block-heading\">TN320 &#8211; Der meistverkaufte Glasschneidetisch (3200 \u00d7 2200 mm)<\/h3>\n\n\n\n<p>Der <a href=\"https:\/\/glasshandlingholland.com\/de\/products\/tn320-schneidetisch-mit-rollen-im-oberteil\/\"><strong>Glasschneidtisch TN320<\/strong><\/a> ist unser beliebtestes Modell und bietet maximalen Bedienkomfort f\u00fcr die gro\u00dffl\u00e4chige Glasverarbeitung. Es ist die erste Wahl f\u00fcr professionelle Glasverarbeiter, die einen robusten, zuverl\u00e4ssigen und zeitsparenden Schneidetisch ben\u00f6tigen.<\/p>\n\n\n\n<p>Abmessungen: 3200 \u00d7 2200 mm<br\/>Preisspanne: \u20ac4.000 &#8211; \u20ac5.000<br\/>Durchschnittliche Lieferzeit: 4-6 Wochen<\/p>\n\n\n\n<p>Merkmale:<\/p>\n\n\n\n<ul class=\"wp-block-list cutting-tablelist\">\n<li>Ausgestattet mit Rollen auf der Oberseite f\u00fcr eine reibungslose Handhabung<\/li>\n\n\n\n<li>Gegengewichtssystem erm\u00f6glicht einfaches Kippen in die vertikale Position<\/li>\n\n\n\n<li>Mit einem einzigen Handgriff bedienbare St\u00fctzbolzen<\/li>\n\n\n\n<li>Option zum Schneiden von Verbundglas ohne Wenden der Scheibe in Kombination mit dem Verbundglas<\/li>\n<\/ul>\n<\/div>\n<\/div>\n\n<div style=\"height:100px\" aria-hidden=\"true\" class=\"wp-block-spacer\"><\/div>\n\n<div class=\"wp-block-columns is-layout-flex wp-container-core-columns-is-layout-4 wp-block-columns-is-layout-flex\">\n<div class=\"wp-block-column is-layout-flow wp-block-column-is-layout-flow\">\n<figure class=\"wp-block-image size-full\"><img loading=\"lazy\" decoding=\"async\" width=\"457\" height=\"565\" src=\"https:\/\/glasshandlingholland.com\/wp-content\/uploads\/2025\/09\/glass-cutting-table-TV170.png\" alt=\"\" class=\"wp-image-7760\" srcset=\"https:\/\/glasshandlingholland.com\/wp-content\/uploads\/2025\/09\/glass-cutting-table-TV170.png 457w, https:\/\/glasshandlingholland.com\/wp-content\/uploads\/2025\/09\/glass-cutting-table-TV170-243x300.png 243w, https:\/\/glasshandlingholland.com\/wp-content\/uploads\/2025\/09\/glass-cutting-table-TV170-10x12.png 10w\" sizes=\"auto, (max-width: 457px) 100vw, 457px\" \/><\/figure>\n<\/div>\n\n\n\n<div class=\"wp-block-column is-layout-flow wp-block-column-is-layout-flow\">\n<h3 class=\"wp-block-heading\">TV170 &#8211; Flexibler Glasschneidetisch f\u00fcr kleinere Arbeitsbereiche<\/h3>\n\n\n\n<p>Der <a href=\"https:\/\/glasshandlingholland.com\/de\/products\/tv170-glasschneidetisch\/\"><strong>Glasschneidtisch TV170<\/strong><\/a> ist ideal f\u00fcr kleine und mittelst\u00e4ndische Glasverarbeitungsbetriebe, die Flexibilit\u00e4t und Platzeffizienz suchen. Es vereint Praktikabilit\u00e4t mit Funktionalit\u00e4t und ist damit ein ausgezeichnetes Produkt.<br\/> Die beste Wahl f\u00fcr Werkst\u00e4tten, die Mobilit\u00e4t und effizientes Glashandling ben\u00f6tigen.<\/p>\n\n\n\n<p>Verf\u00fcgbare Gr\u00f6\u00dfen: 170 \u00d7 220 cm und 170 \u00d7 320 cm<br\/>Verwendung: Perfekt f\u00fcr Werkst\u00e4tten mit begrenzter Stellfl\u00e4che, die dennoch eine professionelle Schneideleistung bieten<\/p>\n\n\n\n<p>Merkmale:<\/p>\n\n\n\n<ul class=\"wp-block-list cutting-tablelist\">\n<li>Manuelles Kippen mit einem Fu\u00dfgriff<\/li>\n\n\n\n<li>V\u00f6llig mobil: kann leicht gerollt, gefahren und gelenkt werden<\/li>\n\n\n\n<li>Leichtes und kompaktes Design spart wertvollen Platz in Ihrer Fabrik<\/li>\n<\/ul>\n<\/div>\n<\/div>\n\n<div style=\"height:126px\" aria-hidden=\"true\" class=\"wp-block-spacer\"><\/div>\n\n<h3 class=\"wp-block-heading lifting-equipment-h2\">Sind Sie bereit, Ihren Umgang mit Glas zu verbessern?<\/h3>\n\n<p>Fordern Sie ein kostenloses Angebot oder eine Beratung an, um Ihr Projekt zu besprechen. Unser Team wird Ihnen bei der Auswahl des richtigen Glasschneidetisches helfen und Ihnen einen Preis nennen. Wir antworten in der Regel innerhalb eines Werktages.  <\/p>\n\n<ul class=\"wp-block-list\">\n<li>Fordern Sie ein Angebot an: Teilen Sie uns Ihre Glasma\u00dfe und die Bedingungen vor Ort mit, wir empfehlen Ihnen die am besten geeignete Ausr\u00fcstung und erstellen ein ma\u00dfgeschneidertes Angebot.<\/li>\n\n\n\n<li>Kontakt zum Vertrieb: E-Mail <a href=\"mailto:info@glasshandlingholland.com\">info@glasshandlingholland.com<\/a> . Unsere Experten f\u00fcr Glasverarbeitung beraten Sie gerne zu Eignung und Lieferung.<\/li>\n<\/ul>\n\n<p>Weitere Einzelheiten finden Sie in <a href=\"https:\/\/glasshandlingholland.com\/de\/broschure-herunterladen\/\" data-type=\"page\" data-id=\"7778\">unserer Brosch\u00fcre<\/a>.<br\/><br\/><strong>Lassen Sie GlassHandlingHolland Ihr Partner f\u00fcr sicheres, effizientes Glasheben in ganz Europa sein.<\/strong><\/p>\n","protected":false},"excerpt":{"rendered":"<p>Glasschneidetische entworfen f\u00fcr Sicherheit und Leistung Wir von GlassHandling Holland wissen, wie ...<\/p>\n","protected":false},"author":1,"featured_media":7839,"parent":0,"menu_order":0,"comment_status":"closed","ping_status":"closed","template":"","meta":{"_acf_changed":false,"_seopress_robots_primary_cat":"","_seopress_titles_title":"Glasschneidetisch | Sicher & Effizient","_seopress_titles_desc":"Entdecken Sie die professionellen Glasschneidetische von GlassHandling Holland. W\u00e4hlen Sie zwischen dem TN320 und dem TV170 f\u00fcr eine effiziente, sichere und pr\u00e4zise Glasbearbeitung. ","_seopress_robots_index":"","_monsterinsights_skip_tracking":false,"_monsterinsights_sitenote_active":false,"_monsterinsights_sitenote_note":"","_monsterinsights_sitenote_category":0,"_uf_show_specific_survey":0,"_uf_disable_surveys":false,"_joinchat":[],"footnotes":""},"class_list":["post-7875","page","type-page","status-publish","has-post-thumbnail","hentry"],"acf":[],"_links":{"self":[{"href":"https:\/\/glasshandlingholland.com\/de\/wp-json\/wp\/v2\/pages\/7875","targetHints":{"allow":["GET"]}}],"collection":[{"href":"https:\/\/glasshandlingholland.com\/de\/wp-json\/wp\/v2\/pages"}],"about":[{"href":"https:\/\/glasshandlingholland.com\/de\/wp-json\/wp\/v2\/types\/page"}],"author":[{"embeddable":true,"href":"https:\/\/glasshandlingholland.com\/de\/wp-json\/wp\/v2\/users\/1"}],"replies":[{"embeddable":true,"href":"https:\/\/glasshandlingholland.com\/de\/wp-json\/wp\/v2\/comments?post=7875"}],"version-history":[{"count":2,"href":"https:\/\/glasshandlingholland.com\/de\/wp-json\/wp\/v2\/pages\/7875\/revisions"}],"predecessor-version":[{"id":10454,"href":"https:\/\/glasshandlingholland.com\/de\/wp-json\/wp\/v2\/pages\/7875\/revisions\/10454"}],"wp:featuredmedia":[{"embeddable":true,"href":"https:\/\/glasshandlingholland.com\/de\/wp-json\/wp\/v2\/media\/7839"}],"wp:attachment":[{"href":"https:\/\/glasshandlingholland.com\/de\/wp-json\/wp\/v2\/media?parent=7875"}],"curies":[{"name":"wp","href":"https:\/\/api.w.org\/{rel}","templated":true}]}}