{"id":7808,"date":"2025-10-21T12:58:38","date_gmt":"2025-10-21T12:58:38","guid":{"rendered":"https:\/\/glasshandlingholland.com\/uber-uns\/"},"modified":"2025-11-19T15:39:52","modified_gmt":"2025-11-19T15:39:52","slug":"uber-uns","status":"publish","type":"page","link":"https:\/\/glasshandlingholland.com\/de\/uber-uns\/","title":{"rendered":"\u00dcber uns"},"content":{"rendered":"\n<h6 class=\"wp-block-heading\">GlassHandling Holland ist ein weltweit t\u00e4tiger <a href=\"https:\/\/glasshandlingholland.com\/de\/uber-uns\/astrid-de-groot\/\">Berater<\/a> f\u00fcr Transport, Installation und Lagerung von Glasmaterialien. Wir beraten Sie und Sie kaufen direkt beim Hersteller. Glas ist ein empfindliches Produkt und mit den \u00fcblicherweise im Baugewerbe verf\u00fcgbaren Ressourcen oft schwer zu verarbeiten.  <\/h6>\n\n<p>Auch die Anwendung von Glas und die Anwendungsm\u00f6glichkeiten haben sich weiterentwickelt und ver\u00e4ndert. Architekten denken \u00fcber neue innovative Wege nach, um Glas in ihre Entw\u00fcrfe zu integrieren. Dies f\u00fchrt zu neuen Herausforderungen im Bauprozess. Manchmal ergeben sich fast unm\u00f6gliche Situationen mit einem hohen Risiko, zu schweres Glas zu heben, was zum Bruch des Glases f\u00fchren kann. Das ist nicht nur eine Verschwendung von Arbeit und Material, sondern birgt auch die Gefahr von Personensch\u00e4den.    <\/p>\n\n<p>Zum Gl\u00fcck wissen wir, wie wir Unternehmen weltweit helfen k\u00f6nnen, den Transport und die Installation von Glas zu erleichtern. Eine unserer gr\u00f6\u00dften Marken, Muyen, arbeitet seit \u00fcber 60 Jahren an L\u00f6sungen, die den Anforderungen des Marktes gerecht werden. Auch ma\u00dfgeschneiderte L\u00f6sungen sind m\u00f6glich und sorgen daf\u00fcr, dass Ihr Glas in sicheren H\u00e4nden ist.    <\/p>\n\n<p><\/p>\n\n<h5 class=\"wp-block-heading\"><strong>Exportieren<\/strong><\/h5>\n\n<p>Glass Handling Holland ist weltweit als Lieferant f\u00fcr eine sichere Arbeitsumgebung bekannt. In den Niederlanden, aber nat\u00fcrlich auch dar\u00fcber hinaus. Unsere Produkte finden ihren Weg durch ganz Europa und werden \u00fcberall auf der Welt eingesetzt. Unsere Erfahrung und unser Fachwissen sind ein Schl\u00fcsselelement f\u00fcr diese Wahl. Glass Handling Holland hat Vertreter in der ganzen Welt. Menschen, die die Praxis kennen und die besser als jeder andere wissen, auf welche Probleme Sie sto\u00dfen. Eine gr\u00fcndliche Beratung bei der Produktauswahl oder eine ma\u00dfgeschneiderte L\u00f6sung ist daher schnell gemacht.      <\/p>\n\n<p>Sind Sie neugierig oder haben Sie eine spezielle Frage? Unsere Mitarbeiter helfen Ihnen gerne, die richtige Wahl zu treffen! <\/p>\n\n<div class=\"wp-block-buttons is-layout-flex wp-block-buttons-is-layout-flex\">\n<div class=\"wp-block-button\"><a class=\"wp-block-button__link wp-element-button\" href=\"https:\/\/glasshandlingholland.com\/de\/kontakt\/\">Kontaktieren Sie uns<\/a><\/div>\n<\/div>\n\n<p><\/p>\n","protected":false},"excerpt":{"rendered":"<p>GlassHandling Holland ist ein weltweit t\u00e4tiger Berater f\u00fcr Transport, Installation und Lagerung ...<\/p>\n","protected":false},"author":1,"featured_media":7836,"parent":0,"menu_order":0,"comment_status":"closed","ping_status":"closed","template":"","meta":{"_acf_changed":false,"_seopress_robots_primary_cat":"","_seopress_titles_title":"\u00dcBER UNS | GLASSHANDLING","_seopress_titles_desc":"GLASSHANDLING Holland, Die Website f\u00fcr den Glasverarbeiter. Marken: MUYEN, Gevelridder, Bohle, Woods Powr-grip. Vakuumlifter, Glaslifter, Glasschleifer, Glasgestelle, A-Rahmen, Glaswagen, Gel\u00e4ndewagen.  ","_seopress_robots_index":"","_monsterinsights_skip_tracking":false,"_monsterinsights_sitenote_active":false,"_monsterinsights_sitenote_note":"","_monsterinsights_sitenote_category":0,"_uf_show_specific_survey":0,"_uf_disable_surveys":false,"_joinchat":[],"footnotes":""},"class_list":["post-7808","page","type-page","status-publish","has-post-thumbnail","hentry"],"acf":[],"_links":{"self":[{"href":"https:\/\/glasshandlingholland.com\/de\/wp-json\/wp\/v2\/pages\/7808","targetHints":{"allow":["GET"]}}],"collection":[{"href":"https:\/\/glasshandlingholland.com\/de\/wp-json\/wp\/v2\/pages"}],"about":[{"href":"https:\/\/glasshandlingholland.com\/de\/wp-json\/wp\/v2\/types\/page"}],"author":[{"embeddable":true,"href":"https:\/\/glasshandlingholland.com\/de\/wp-json\/wp\/v2\/users\/1"}],"replies":[{"embeddable":true,"href":"https:\/\/glasshandlingholland.com\/de\/wp-json\/wp\/v2\/comments?post=7808"}],"version-history":[{"count":5,"href":"https:\/\/glasshandlingholland.com\/de\/wp-json\/wp\/v2\/pages\/7808\/revisions"}],"predecessor-version":[{"id":10469,"href":"https:\/\/glasshandlingholland.com\/de\/wp-json\/wp\/v2\/pages\/7808\/revisions\/10469"}],"wp:featuredmedia":[{"embeddable":true,"href":"https:\/\/glasshandlingholland.com\/de\/wp-json\/wp\/v2\/media\/7836"}],"wp:attachment":[{"href":"https:\/\/glasshandlingholland.com\/de\/wp-json\/wp\/v2\/media?parent=7808"}],"curies":[{"name":"wp","href":"https:\/\/api.w.org\/{rel}","templated":true}]}}