{"id":10643,"date":"2025-12-11T15:12:46","date_gmt":"2025-12-11T15:12:46","guid":{"rendered":"https:\/\/glasshandlingholland.com\/wie-man-schweres-glas-bewegt\/"},"modified":"2025-12-15T10:55:50","modified_gmt":"2025-12-15T10:55:50","slug":"wie-man-schweres-glas-bewegt","status":"publish","type":"page","link":"https:\/\/glasshandlingholland.com\/de\/wie-man-schweres-glas-bewegt\/","title":{"rendered":"Wie man schweres Glas bewegt"},"content":{"rendered":"\n<div class=\"wp-block-columns is-layout-flex wp-container-core-columns-is-layout-2 wp-block-columns-is-layout-flex\">\n<div class=\"wp-block-column lifting-column-left is-layout-flow wp-block-column-is-layout-flow\" style=\"flex-basis:60%\">\n<div style=\"height:70px\" aria-hidden=\"true\" class=\"wp-block-spacer\"><\/div>\n\n\n\n<h2 class=\"wp-block-heading lifting-equipment-h2\">DIE RICHTIGE KOMBINATION AUS<br\/> AUSR\u00dcSTUNG, TECHNIK UND VORBEREITUNG<\/h2>\n\n\n\n<p>Das sichere und effiziente Bewegen von schwerem Glas erfordert die richtige Kombination aus Ausr\u00fcstung, Technik und Vorbereitung. Ob auf Baustellen, bei Sanierungsprojekten oder in Industrieanlagen \u2013 die Wahl des passenden Vakuumhebers, unterst\u00fctzt durch geeignete Transportmittel wie z. B. verst\u00e4rkte Glaswagen, ist entscheidend. <\/p>\n\n\n\n<p>Nachfolgend finden Sie eine \u00fcbersichtliche Darstellung der verschiedenen Klassen von Vakuumhebern und ihrer Einsatzgebiete, <a href=\"#class3\">mit besonderem Fokus auf Klasse 3<\/a> , unserer empfohlenen L\u00f6sung f\u00fcr das Heben von hochliegendem, professionellem und schwerem Glas.<\/p>\n\n\n\n<div class=\"wp-block-columns buttons is-layout-flex wp-container-core-columns-is-layout-1 wp-block-columns-is-layout-flex\">\n<div class=\"wp-block-column is-layout-flow wp-block-column-is-layout-flow\">\n<div class=\"wp-block-buttons is-layout-flex wp-block-buttons-is-layout-flex\">\n<div class=\"wp-block-button btn-lifting-equipment\"><a class=\"wp-block-button__link wp-element-button\" href=\"https:\/\/glasshandlingholland.com\/de\/broschure-herunterladen\/\">KATALOG HERUNTERLADEN<\/a><\/div>\n<\/div>\n<\/div>\n\n\n\n<div class=\"wp-block-column is-layout-flow wp-block-column-is-layout-flow\">\n<div class=\"wp-block-buttons is-layout-flex wp-block-buttons-is-layout-flex\">\n<div class=\"wp-block-button btn-lifting-equipment-2\"><a class=\"wp-block-button__link wp-element-button\" href=\"https:\/\/glasshandlingholland.com\/de\/produkte\/\">KURSE ANSEHEN<\/a><\/div>\n<\/div>\n<\/div>\n<\/div>\n<\/div>\n\n\n\n<div class=\"wp-block-column is-layout-flow wp-block-column-is-layout-flow\" style=\"flex-basis:40%\">\n<figure class=\"wp-block-image size-full\"><img loading=\"lazy\" decoding=\"async\" width=\"555\" height=\"683\" src=\"https:\/\/glasshandlingholland.com\/wp-content\/uploads\/2025\/12\/glass-cutting-table.jpg\" alt=\"Glasschneide-Tisch\" class=\"wp-image-10622\" srcset=\"https:\/\/glasshandlingholland.com\/wp-content\/uploads\/2025\/12\/glass-cutting-table.jpg 555w, https:\/\/glasshandlingholland.com\/wp-content\/uploads\/2025\/12\/glass-cutting-table-244x300.jpg 244w, https:\/\/glasshandlingholland.com\/wp-content\/uploads\/2025\/12\/glass-cutting-table-480x591.jpg 480w\" sizes=\"auto, (max-width: 555px) 100vw, 555px\" \/><\/figure>\n<\/div>\n<\/div>\n\n<div style=\"height:100px\" aria-hidden=\"true\" class=\"wp-block-spacer\"><\/div>\n\n<div class=\"wp-block-columns is-layout-flex wp-container-core-columns-is-layout-5 wp-block-columns-is-layout-flex\">\n<div class=\"wp-block-column is-layout-flow wp-block-column-is-layout-flow\">\n<div class=\"wp-block-columns is-not-stacked-on-mobile is-layout-flex wp-container-core-columns-is-layout-3 wp-block-columns-is-layout-flex\">\n<div class=\"wp-block-column is-layout-flow wp-block-column-is-layout-flow\"><div class=\"wp-block-image\">\n<figure class=\"aligncenter size-full\"><img loading=\"lazy\" decoding=\"async\" width=\"239\" height=\"236\" src=\"https:\/\/glasshandlingholland.com\/wp-content\/uploads\/2025\/12\/VA450-level1-lifter.jpg\" alt=\"VA450-Level1-Lifter\" class=\"wp-image-10615\"\/><\/figure><\/div>\n\n\n<p class=\"has-text-align-center label-product-lifting\"><a href=\"https:\/\/glasshandlingholland.com\/de\/products\/va975-vakuumlifter-mit-funksteuerung\/\">VA975<\/a><\/p>\n\n\n\n<p class=\"has-text-align-center specs-product-lifting\">600 kg<\/p>\n<\/div>\n\n\n\n<div class=\"wp-block-column is-layout-flow wp-block-column-is-layout-flow\"><div class=\"wp-block-image\">\n<figure class=\"aligncenter size-full\"><img loading=\"lazy\" decoding=\"async\" width=\"239\" height=\"236\" src=\"https:\/\/glasshandlingholland.com\/wp-content\/uploads\/2025\/12\/VA451-level1-lifter.jpg\" alt=\"VA451-Level1-Lifter\" class=\"wp-image-10608\"\/><\/figure><\/div>\n\n\n<p class=\"has-text-align-center label-product-lifting\"><a href=\"https:\/\/glasshandlingholland.com\/de\/products\/vakuumlifter-1000-kg\/\">VA821<\/a><\/p>\n\n\n\n<p class=\"has-text-align-center specs-product-lifting\">1000 kg<\/p>\n<\/div>\n<\/div>\n<\/div>\n\n\n\n<div class=\"wp-block-column lifting-product-right-column is-layout-flow wp-block-column-is-layout-flow\">\n<div class=\"wp-block-columns is-not-stacked-on-mobile is-layout-flex wp-container-core-columns-is-layout-4 wp-block-columns-is-layout-flex\">\n<div class=\"wp-block-column is-layout-flow wp-block-column-is-layout-flow\"><div class=\"wp-block-image\">\n<figure class=\"aligncenter size-full\"><img loading=\"lazy\" decoding=\"async\" width=\"239\" height=\"236\" src=\"https:\/\/glasshandlingholland.com\/wp-content\/uploads\/2025\/12\/sla2-level1-lifter.jpg\" alt=\"sla2-level1-lifter\" class=\"wp-image-10611\"\/><\/figure><\/div>\n\n\n<p class=\"has-text-align-center label-product-lifting\"><a href=\"https:\/\/glasshandlingholland.com\/de\/products\/glaskarren-mit-doppelradern-500-kg\/\">W103B<\/a><\/p>\n\n\n\n<p class=\"has-text-align-center specs-product-lifting\">500 kg<\/p>\n<\/div>\n\n\n\n<div class=\"wp-block-column is-layout-flow wp-block-column-is-layout-flow\"><div class=\"wp-block-image\">\n<figure class=\"aligncenter size-full\"><img loading=\"lazy\" decoding=\"async\" width=\"239\" height=\"236\" src=\"https:\/\/glasshandlingholland.com\/wp-content\/uploads\/2025\/12\/sla4-level1-lifter.jpg\" alt=\"sla4-level1-lifter\" class=\"wp-image-10612\"\/><\/figure><\/div>\n\n\n<p class=\"has-text-align-center label-product-lifting\"><a href=\"https:\/\/glasshandlingholland.com\/de\/products\/va114rs-lifter-auf-batterie-fensterrahmen\/\">VA114RS<\/a><\/p>\n\n\n\n<p class=\"has-text-align-center specs-product-lifting\">500 kg<\/p>\n<\/div>\n<\/div>\n<\/div>\n<\/div>\n\n<div class=\"wp-block-columns is-layout-flex wp-container-core-columns-is-layout-8 wp-block-columns-is-layout-flex\">\n<div class=\"wp-block-column is-layout-flow wp-block-column-is-layout-flow\">\n<div class=\"wp-block-columns is-not-stacked-on-mobile is-layout-flex wp-container-core-columns-is-layout-6 wp-block-columns-is-layout-flex\">\n<div class=\"wp-block-column is-layout-flow wp-block-column-is-layout-flow\"><div class=\"wp-block-image\">\n<figure class=\"aligncenter size-full\"><img loading=\"lazy\" decoding=\"async\" width=\"239\" height=\"236\" src=\"https:\/\/glasshandlingholland.com\/wp-content\/uploads\/2025\/12\/VA-2.jpg\" alt=\"VA-2\" class=\"wp-image-10614\"\/><\/figure><\/div>\n\n\n<p class=\"has-text-align-center label-product-lifting\"><a href=\"https:\/\/glasshandlingholland.com\/de\/products\/h103b-der-kompakte-balancer-mit-gegengewicht\/\">H103B<\/a><\/p>\n\n\n\n<p class=\"has-text-align-center specs-product-lifting\">320 kg<\/p>\n<\/div>\n\n\n\n<div class=\"wp-block-column is-layout-flow wp-block-column-is-layout-flow\"><div class=\"wp-block-image\">\n<figure class=\"aligncenter size-full\"><img loading=\"lazy\" decoding=\"async\" width=\"239\" height=\"236\" src=\"https:\/\/glasshandlingholland.com\/wp-content\/uploads\/2025\/12\/VA-1.jpg\" alt=\"VA-1\" class=\"wp-image-10613\"\/><\/figure><\/div>\n\n\n<p class=\"has-text-align-center label-product-lifting\"><a href=\"https:\/\/glasshandlingholland.com\/de\/products\/vakuumlifter-250-kg-manuell\/\">H103M<\/a><\/p>\n\n\n\n<p class=\"has-text-align-center specs-product-lifting\">250 kg<\/p>\n<\/div>\n<\/div>\n<\/div>\n\n\n\n<div class=\"wp-block-column lifting-product-right-column is-layout-flow wp-block-column-is-layout-flow\">\n<div class=\"wp-block-columns is-not-stacked-on-mobile is-layout-flex wp-container-core-columns-is-layout-7 wp-block-columns-is-layout-flex\">\n<div class=\"wp-block-column is-layout-flow wp-block-column-is-layout-flow\"><div class=\"wp-block-image\">\n<figure class=\"aligncenter size-full\"><img loading=\"lazy\" decoding=\"async\" width=\"239\" height=\"236\" src=\"https:\/\/glasshandlingholland.com\/wp-content\/uploads\/2025\/12\/sla-2.jpg\" alt=\"sla-2\" class=\"wp-image-10610\"\/><\/figure><\/div>\n\n\n<p class=\"has-text-align-center label-product-lifting\"><a href=\"https:\/\/glasshandlingholland.com\/de\/products\/speziallifter-bis-zu-500-kg\/\">SPEZIALLEBENSMITTEL<\/a><\/p>\n\n\n\n<p class=\"has-text-align-center specs-product-lifting\">500 kg<\/p>\n<\/div>\n\n\n\n<div class=\"wp-block-column is-layout-flow wp-block-column-is-layout-flow\"><div class=\"wp-block-image\">\n<figure class=\"aligncenter size-full\"><img loading=\"lazy\" decoding=\"async\" width=\"239\" height=\"236\" src=\"https:\/\/glasshandlingholland.com\/wp-content\/uploads\/2025\/12\/sla-1.jpg\" alt=\"sla-1\" class=\"wp-image-10609\"\/><\/figure><\/div>\n\n\n<p class=\"has-text-align-center label-product-lifting\"><a href=\"https:\/\/glasshandlingholland.com\/de\/products\/spezielles-heber-dual-system\/\">SPEZIALHEBER DOPPEL <\/a><\/p>\n\n\n\n<p class=\"has-text-align-center specs-product-lifting\">500 kg<\/p>\n<\/div>\n<\/div>\n<\/div>\n<\/div>\n\n<div class=\"wp-block-columns is-layout-flex wp-container-core-columns-is-layout-9 wp-block-columns-is-layout-flex\">\n<div class=\"wp-block-column is-layout-flow wp-block-column-is-layout-flow\">\n<h3 class=\"wp-block-heading lifting-equipment-h2\">Klasse 1 \u2013 Bodennahe Handhabung (\u2264 1,8 m Hubh\u00f6he)<\/h3>\n\n\n\n<p>Vakuumheber der Klasse 1 eignen sich ideal zum Bewegen von Glas auf Bodenebene: durch G\u00e4rten, enge R\u00e4ume, Geb\u00e4ude, Korridore und Aufz\u00fcge.<\/p>\n\n\n\n<p>Merkmale:<br\/> \u2022 Maximale manuelle Hubkraft: 23 kg oder 50 kg mit zwei Bedienern.<br\/> \u2022 Immer au\u00dferhalb der Absturzgefahr arbeiten, zum Beispiel mit kompakten Hebezeugen oder Fassadenmanipulatoren.<br\/> \u2022 Schnell, leicht und perfekt f\u00fcr den t\u00e4glichen Gebrauch.<\/p>\n\n\n\n<p><strong>Kurz:<\/strong> unter 1,8 m \u2013 leichte Handhabung \u2013 sichere Arbeitsposition.<\/p>\n<\/div>\n<\/div>\n\n<hr class=\"wp-block-separator has-alpha-channel-opacity\"\/>\n\n<div class=\"wp-block-columns is-layout-flex wp-container-core-columns-is-layout-10 wp-block-columns-is-layout-flex\">\n<div class=\"wp-block-column is-layout-flow wp-block-column-is-layout-flow\">\n<h3 class=\"wp-block-heading lifting-equipment-h2\">Klasse 2 \u2013 Renovierung &amp; Umgang mit kleinen Glasscheiben<\/h3>\n\n\n\n<p>Wird verwendet, wenn das Gewicht des Hebers minimal sein muss oder wenn die Glasscheiben f\u00fcr ein Ger\u00e4t der Klasse 3 zu klein sind.<\/p>\n\n\n\n<p>Merkmale:<br\/> \u2022 Ideal f\u00fcr Hausrenovierungen bis zum zweiten Stock.<br\/> \u2022 Funktioniert auch in engen, begrenzten oder schwer zug\u00e4nglichen Bereichen.<br\/> \u2022 Erh\u00e4ltlich als Einzelsystem mit Absturzsicherung oder als komplettes Doppelsystem.<\/p>\n\n\n\n<p><strong>Kurz gesagt:<\/strong> Renovierung \u2013 kleine Glasfl\u00e4chen \u2013 Leichtbauweise \u2013 einfach + Absturzsicherung oder doppelt.<\/p>\n<\/div>\n<\/div>\n\n<hr class=\"wp-block-separator has-alpha-channel-opacity\"\/>\n\n<div class=\"wp-block-columns is-layout-flex wp-container-core-columns-is-layout-11 wp-block-columns-is-layout-flex\" id=\"class3\">\n<div class=\"wp-block-column is-layout-flow wp-block-column-is-layout-flow\">\n<h3 class=\"wp-block-heading lifting-equipment-h2\">Klasse 3 \u2013 Die professionelle L\u00f6sung f\u00fcr den Transport von schwerem Glas<\/h3>\n\n\n\n<p>F\u00fcr schwere, hohe oder professionelle Glashebearbeiten empfehlen wir dringend den Einsatz eines Vakuumhebers der Klasse 3.<br\/> Diese Klasse ist f\u00fcr Situationen konzipiert, in denen Gewicht, H\u00f6he und Risikoniveau maximale Sicherheit und Zuverl\u00e4ssigkeit erfordern.<\/p>\n\n\n\n<p><strong>Warum unsere Klasse 3?<\/strong><br\/> Wir gehen weit \u00fcber den grundlegenden Standard hinaus.<br\/> Unsere Ger\u00e4te der Klasse 3* verwenden ein vollst\u00e4ndig redundantes Doppelvakuumsystem, das Sie physisch sehen k\u00f6nnen:<br\/> \u2022 Zwei Pumpen<br\/> \u2022 Zwei Vakuumtanks<br\/> \u2022 Zwei Batterien<\/p>\n\n\n\n<p>Sollte ein Stromkreis ausfallen, bleibt die Last dennoch vollst\u00e4ndig gesichert \u2013 ein entscheidender Faktor bei risikoreichen Hebevorg\u00e4ngen.<\/p>\n\n\n\n<p><strong>Speziall\u00f6sungen f\u00fcr die schwersten Aufgaben<\/strong><br\/> Unsere Vakuumheber der Klasse 3 verf\u00fcgen \u00fcber erweiterte Funktionen wie:<br\/> \u2022 Pneumatische Bewegung f\u00fcr pr\u00e4zise Positionierung<br\/> \u2022 Einzeln verstellbare Saugn\u00e4pfe (Vorw\u00e4rts- und R\u00fcckw\u00e4rtsbewegung) f\u00fcr eine einfache Montage in Fensterrahmen<br\/> \u2022 Spezialmodelle f\u00fcr gebogenes Glas<br\/> \u2022 Vakuumheber mit Spreizstangen\/Ausgleichsgewichten f\u00fcr lange oder schwere Laken<\/p>\n\n\n\n<p>Entspricht NEN 13155: immer ein Doppelsystem oder ein Einzelsystem mit zertifiziertem Absturzschutz und freier Arbeitszone.<br\/> Kurz gesagt: Schwerlastarbeiten \u2013 gro\u00dfe H\u00f6hen \u2013 maximale Sicherheit \u2013 nur f\u00fcr den professionellen Einsatz.<\/p>\n<\/div>\n<\/div>\n\n<hr class=\"wp-block-separator has-alpha-channel-opacity\"\/>\n\n<div class=\"wp-block-columns is-layout-flex wp-container-core-columns-is-layout-12 wp-block-columns-is-layout-flex\">\n<div class=\"wp-block-column is-layout-flow wp-block-column-is-layout-flow\">\n<h3 class=\"wp-block-heading lifting-equipment-h2\">Klasse 4 \u2013 Industrielle Glashandhabung<\/h3>\n\n\n\n<p>F\u00fcr Fabriken und Produktionsanlagen, in denen Sichtverh\u00e4ltnisse und L\u00e4rm zus\u00e4tzliche Herausforderungen darstellen.<\/p>\n\n\n\n<p>Merkmale:<br\/> \u2022 Der Bediener muss die Anzeige direkt im Blick haben.<br\/> \u2022 Falls dies nicht m\u00f6glich ist, muss das System einen akustischen oder optischen Alarm beinhalten, der auch bei Stromausfall funktioniert.<br\/> \u2022 Der Bediener arbeitet au\u00dferhalb der Fallzone, ca. 1 m hinter dem Hebezeug.<br\/> Ideal f\u00fcr laute Umgebungen, gro\u00dfe Br\u00fcckenkrane und elektrische oder pneumatische Systeme. <\/p>\n\n\n\n<p><strong>Kurz:<\/strong> Industrie \u2013 Anzeige sichtbar oder Alarm \u2013 kontrollierter Sicherheitsabstand.<\/p>\n<\/div>\n<\/div>\n\n<hr class=\"wp-block-separator has-alpha-channel-opacity\"\/>\n\n<div class=\"wp-block-columns is-layout-flex wp-container-core-columns-is-layout-13 wp-block-columns-is-layout-flex\">\n<div class=\"wp-block-column is-layout-flow wp-block-column-is-layout-flow\">\n<h3 class=\"wp-block-heading lifting-equipment-h2\">Sicherer Transport: Stabile Wagen f\u00fcr schweres Glas<\/h3>\n\n\n\n<p>Bevor mit dem Heben begonnen werden kann, muss das schwere Glas sicher \u00fcber das Gel\u00e4nde transportiert werden.<br\/> Wir empfehlen die Verwendung von verst\u00e4rkten, stabilen Glastransportwagen, die f\u00fcr folgende Zwecke konzipiert sind:<\/p>\n\n\n\n<p>\u2022 Schweres und \u00fcbergro\u00dfes Glas\n \u2022 Unebenes Baugrund\n \u2022 L\u00e4ngere Transportwege vor Ort\n \u2022 Maximale Stabilit\u00e4t vor dem Anheben<\/p>\n\n\n\n<p>Der Einsatz stabiler Transportwagen verhindert unn\u00f6tiges manuelles Heben, reduziert das Besch\u00e4digungsrisiko und gew\u00e4hrleistet, dass das Glas sicher am Hebepunkt ankommt.<\/p>\n<\/div>\n<\/div>\n\n<hr class=\"wp-block-separator has-alpha-channel-opacity\"\/>\n\n<div class=\"wp-block-columns is-layout-flex wp-container-core-columns-is-layout-14 wp-block-columns-is-layout-flex\">\n<div class=\"wp-block-column is-layout-flow wp-block-column-is-layout-flow\">\n<h3 class=\"wp-block-heading lifting-equipment-h2\">Allgemeine Sicherheitsregeln f\u00fcr den Transport von schwerem Glas<\/h3>\n\n\n\n<p>\u2022 Unter 1,8 m: Der Bediener befindet sich au\u00dferhalb der Fallzone, die Anzeige ist sichtbar oder der Alarm ist aktiv.\n\u2022 Ab 1,8 m: gr\u00f6\u00dfere Sperrzone, doppeltes Absturzsicherungssystem, Saugn\u00e4pfe korrekt positioniert.\n\u2022 Beachten Sie stets die Gesundheits- und Sicherheitsvorschriften und beurteilen Sie die Risiken vor Ort.\n\u2022 Glas kann verrutschen oder zerbrechen, daher ist ein Absturzschutz immer dann zwingend erforderlich, wenn eine Absturzgefahr besteht.<\/p>\n<\/div>\n<\/div>\n","protected":false},"excerpt":{"rendered":"<p>DIE RICHTIGE KOMBINATION AUS AUSR\u00dcSTUNG, TECHNIK UND VORBEREITUNG Das sichere und effiziente ...<\/p>\n","protected":false},"author":1,"featured_media":8100,"parent":0,"menu_order":0,"comment_status":"closed","ping_status":"closed","template":"","meta":{"_acf_changed":false,"_seopress_robots_primary_cat":"","_seopress_titles_title":"Wie bewegt man schweres Glas? | Sicher & effizient","_seopress_titles_desc":"Die richtige Kombination aus Ausr\u00fcstung, Technik und Vorbereitung, um schweres Glas zu bewegen.","_seopress_robots_index":"","_monsterinsights_skip_tracking":false,"_monsterinsights_sitenote_active":false,"_monsterinsights_sitenote_note":"","_monsterinsights_sitenote_category":0,"_uf_show_specific_survey":0,"_uf_disable_surveys":false,"_joinchat":[],"footnotes":""},"class_list":["post-10643","page","type-page","status-publish","has-post-thumbnail","hentry"],"acf":[],"_links":{"self":[{"href":"https:\/\/glasshandlingholland.com\/de\/wp-json\/wp\/v2\/pages\/10643","targetHints":{"allow":["GET"]}}],"collection":[{"href":"https:\/\/glasshandlingholland.com\/de\/wp-json\/wp\/v2\/pages"}],"about":[{"href":"https:\/\/glasshandlingholland.com\/de\/wp-json\/wp\/v2\/types\/page"}],"author":[{"embeddable":true,"href":"https:\/\/glasshandlingholland.com\/de\/wp-json\/wp\/v2\/users\/1"}],"replies":[{"embeddable":true,"href":"https:\/\/glasshandlingholland.com\/de\/wp-json\/wp\/v2\/comments?post=10643"}],"version-history":[{"count":2,"href":"https:\/\/glasshandlingholland.com\/de\/wp-json\/wp\/v2\/pages\/10643\/revisions"}],"predecessor-version":[{"id":10653,"href":"https:\/\/glasshandlingholland.com\/de\/wp-json\/wp\/v2\/pages\/10643\/revisions\/10653"}],"wp:featuredmedia":[{"embeddable":true,"href":"https:\/\/glasshandlingholland.com\/de\/wp-json\/wp\/v2\/media\/8100"}],"wp:attachment":[{"href":"https:\/\/glasshandlingholland.com\/de\/wp-json\/wp\/v2\/media?parent=10643"}],"curies":[{"name":"wp","href":"https:\/\/api.w.org\/{rel}","templated":true}]}}