{"id":10173,"date":"2025-10-21T13:41:11","date_gmt":"2025-10-21T13:41:11","guid":{"rendered":"https:\/\/glasshandlingholland.com\/startseite\/"},"modified":"2026-04-04T19:50:50","modified_gmt":"2026-04-04T19:50:50","slug":"startseite","status":"publish","type":"page","link":"https:\/\/glasshandlingholland.com\/de\/startseite\/","title":{"rendered":"Startseite"},"content":{"rendered":"\n<h2 class=\"wp-block-heading has-text-align-center\"><\/h2>\n\n<h4 class=\"wp-block-heading has-text-align-center\"><\/h4>\n\n<div class=\"wp-block-buttons is-horizontal is-content-justification-center is-layout-flex wp-container-core-buttons-is-layout-1 wp-block-buttons-is-layout-flex\">\n<div class=\"wp-block-button\"><a class=\"wp-block-button__link wp-element-button\" href=\"https:\/\/glasshandlingholland.com\/de\/uber-uns\/\">Lesen Sie unsere Geschichte<\/a><\/div>\n<\/div>\n\n<p><\/p>\n\n<div class=\"wp-block-cover alignfull is-light\"><span aria-hidden=\"true\" class=\"wp-block-cover__background has-lightgreen-color-background-color has-background-dim-100 has-background-dim\"><\/span><div class=\"wp-block-cover__inner-container is-layout-flow wp-block-cover-is-layout-flow\">\n<h2 class=\"wp-block-heading has-text-align-center\">Produkte<\/h2>\n\n\n\n<p class=\"has-text-align-center\">Sehen Sie sich die Produkte an, immer eine Glass Handling L\u00f6sung<\/p>\n\n\n\n\n\n\n<!-- product_icons -->\n<div id=\"producticons-block_678bcd0158ad7307006d46c6a637e36c\" class=\"product_icons \">\n    <ul>\n                    <li>\n                                    <a href=\"https:\/\/glasshandlingholland.com\/use\/productline-smart-level-1\/\">\n                \n\n                                    <div>\n                        <img decoding=\"async\" srcset=\"https:\/\/glasshandlingholland.com\/wp-content\/uploads\/2022\/03\/h905p-768x776.jpg 480w, https:\/\/glasshandlingholland.com\/wp-content\/uploads\/2022\/03\/h905p.jpg 768w, https:\/\/glasshandlingholland.com\/wp-content\/uploads\/2022\/03\/h905p.jpg 960w, https:\/\/glasshandlingholland.com\/wp-content\/uploads\/2022\/03\/h905p.jpg 1200w, https:\/\/glasshandlingholland.com\/wp-content\/uploads\/2022\/03\/h905p.jpg 2000w, https:\/\/glasshandlingholland.com\/wp-content\/uploads\/2022\/03\/h905p.jpg 3000w\" sizes=\"(max-width:479px) 480px, (min-width: 480px) and (max-width: 767px) 768px, (min-width: 768px) and (max-width: 959px) 960px, (min-width: 960px) and (max-width: 1200px) 1200px, 100vw\" src=\"https:\/\/glasshandlingholland.com\/wp-content\/uploads\/2022\/03\/h905p.jpg\" alt=\"vacuum-safety-ladder-single-system-s1\" \/>\n                    <\/div>\n                \n                                    Smart 1* Die Baustelle der Zukunft arbeitet intelligent, sicher, emissionsfrei und effizient auf Bodenebene.                                        \n\n                                    <\/a>\n                            <\/li>\n                    <li>\n                                    <a href=\"https:\/\/glasshandlingholland.com\/use\/safety-level-2-s2\/\">\n                \n\n                                    <div>\n                        <img decoding=\"async\" srcset=\"https:\/\/glasshandlingholland.com\/wp-content\/uploads\/2020\/07\/hijsjukmeta4.bmp 480w, https:\/\/glasshandlingholland.com\/wp-content\/uploads\/2020\/07\/hijsjukmeta4.bmp 768w, https:\/\/glasshandlingholland.com\/wp-content\/uploads\/2020\/07\/hijsjukmeta4.bmp 960w, https:\/\/glasshandlingholland.com\/wp-content\/uploads\/2020\/07\/hijsjukmeta4.bmp 1200w, https:\/\/glasshandlingholland.com\/wp-content\/uploads\/2020\/07\/hijsjukmeta4.bmp 2000w, https:\/\/glasshandlingholland.com\/wp-content\/uploads\/2020\/07\/hijsjukmeta4.bmp 3000w\" sizes=\"(max-width:479px) 480px, (min-width: 480px) and (max-width: 767px) 768px, (min-width: 768px) and (max-width: 959px) 960px, (min-width: 960px) and (max-width: 1200px) 1200px, 100vw\" src=\"https:\/\/glasshandlingholland.com\/wp-content\/uploads\/2020\/07\/hijsjukmeta4.bmp\" alt=\"\" \/>\n                    <\/div>\n                \n                                    Traditionell 2* Die Kraft zeitloser Schlichtheit, leicht und klein, ideal f\u00fcr Renovierungen und niedrige Geb\u00e4ude.                                        \n\n                                    <\/a>\n                            <\/li>\n                    <li>\n                                    <a href=\"https:\/\/glasshandlingholland.com\/use\/productline-excellent-level-3\/\">\n                \n\n                                    <div>\n                        <img decoding=\"async\" srcset=\"https:\/\/glasshandlingholland.com\/wp-content\/uploads\/2025\/01\/bijgesneden-fotova975-768x713.jpg 480w, https:\/\/glasshandlingholland.com\/wp-content\/uploads\/2025\/01\/bijgesneden-fotova975.jpg 768w, https:\/\/glasshandlingholland.com\/wp-content\/uploads\/2025\/01\/bijgesneden-fotova975.jpg 960w, https:\/\/glasshandlingholland.com\/wp-content\/uploads\/2025\/01\/bijgesneden-fotova975.jpg 1200w, https:\/\/glasshandlingholland.com\/wp-content\/uploads\/2025\/01\/bijgesneden-fotova975.jpg 2000w, https:\/\/glasshandlingholland.com\/wp-content\/uploads\/2025\/01\/bijgesneden-fotova975.jpg 3000w\" sizes=\"(max-width:479px) 480px, (min-width: 480px) and (max-width: 767px) 768px, (min-width: 768px) and (max-width: 959px) 960px, (min-width: 960px) and (max-width: 1200px) 1200px, 100vw\" src=\"https:\/\/glasshandlingholland.com\/wp-content\/uploads\/2025\/01\/bijgesneden-fotova975.jpg\" alt=\"Glass handling tools for Glaziers, Glass storage and glasslifting, Industrial level 4* Glass handling Equiptment, Muyen\" \/>\n                    <\/div>\n                \n                                    Ausgezeichnet 3* Modern, super sicher und immer zuverl\u00e4ssig \u2013 die erste Wahl f\u00fcr Profis in Hochh\u00e4usern und \u00f6ffentlichen R\u00e4umen.                                        \n\n                                    <\/a>\n                            <\/li>\n                    <li>\n                                    <a href=\"https:\/\/glasshandlingholland.com\/use\/productline-industry-level-4\/\">\n                \n\n                                    <div>\n                        <img decoding=\"async\" srcset=\"https:\/\/glasshandlingholland.com\/wp-content\/uploads\/2025\/01\/bijgesneden-foto.jpg 480w, https:\/\/glasshandlingholland.com\/wp-content\/uploads\/2025\/01\/bijgesneden-foto.jpg 768w, https:\/\/glasshandlingholland.com\/wp-content\/uploads\/2025\/01\/bijgesneden-foto.jpg 960w, https:\/\/glasshandlingholland.com\/wp-content\/uploads\/2025\/01\/bijgesneden-foto.jpg 1200w, https:\/\/glasshandlingholland.com\/wp-content\/uploads\/2025\/01\/bijgesneden-foto.jpg 2000w, https:\/\/glasshandlingholland.com\/wp-content\/uploads\/2025\/01\/bijgesneden-foto.jpg 3000w\" sizes=\"(max-width:479px) 480px, (min-width: 480px) and (max-width: 767px) 768px, (min-width: 768px) and (max-width: 959px) 960px, (min-width: 960px) and (max-width: 1200px) 1200px, 100vw\" src=\"https:\/\/glasshandlingholland.com\/wp-content\/uploads\/2025\/01\/bijgesneden-foto.jpg\" alt=\"Glass handling tools for Glaziers, Glass storage and glasslifting, Industrial level 4* Glass handling, Equiptment, Muyen\" \/>\n                    <\/div>\n                \n                                    Industrie 4* Sicherheit und Effizienz in der Industrie. Hebehilfen, Vakuumheber und Lagerregale.                                         \n\n                                    <\/a>\n                            <\/li>\n                    <li>\n                                    <a href=\"https:\/\/glasshandlingholland.com\/category\/glasshandlingtools\/\">\n                \n\n                                    <div>\n                        <img decoding=\"async\" srcset=\"https:\/\/glasshandlingholland.com\/wp-content\/uploads\/2022\/09\/kim75steen-768x768.jpg 480w, https:\/\/glasshandlingholland.com\/wp-content\/uploads\/2022\/09\/kim75steen-960x960.jpg 768w, https:\/\/glasshandlingholland.com\/wp-content\/uploads\/2022\/09\/kim75steen-1200x1200.jpg 960w, https:\/\/glasshandlingholland.com\/wp-content\/uploads\/2022\/09\/kim75steen.jpg 1200w, https:\/\/glasshandlingholland.com\/wp-content\/uploads\/2022\/09\/kim75steen.jpg 2000w, https:\/\/glasshandlingholland.com\/wp-content\/uploads\/2022\/09\/kim75steen.jpg 3000w\" sizes=\"(max-width:479px) 480px, (min-width: 480px) and (max-width: 767px) 768px, (min-width: 768px) and (max-width: 959px) 960px, (min-width: 960px) and (max-width: 1200px) 1200px, 100vw\" src=\"https:\/\/glasshandlingholland.com\/wp-content\/uploads\/2022\/09\/kim75steen-960x960.jpg\" alt=\"Tools, Glass handling tools for Glaziers, Glass handling and glasslifting, Glass handling Equiptment, kim75 vacuumlifter\" \/>\n                    <\/div>\n                \n                                    Werkzeuge                                        \n\n                                    <\/a>\n                            <\/li>\n                    <li>\n                                    <a href=\"https:\/\/glasshandlingholland.com\/category\/parts\/\">\n                \n\n                                    <div>\n                        <img decoding=\"async\" srcset=\"https:\/\/glasshandlingholland.com\/wp-content\/uploads\/2022\/03\/Muyen_BL_0219-768x512.jpg 480w, https:\/\/glasshandlingholland.com\/wp-content\/uploads\/2022\/03\/Muyen_BL_0219-960x640.jpg 768w, https:\/\/glasshandlingholland.com\/wp-content\/uploads\/2022\/03\/Muyen_BL_0219-1200x800.jpg 960w, https:\/\/glasshandlingholland.com\/wp-content\/uploads\/2022\/03\/Muyen_BL_0219-2000x1333.jpg 1200w, https:\/\/glasshandlingholland.com\/wp-content\/uploads\/2022\/03\/Muyen_BL_0219-2000x1333.jpg 2000w, https:\/\/glasshandlingholland.com\/wp-content\/uploads\/2022\/03\/Muyen_BL_0219.jpg 3000w\" sizes=\"(max-width:479px) 480px, (min-width: 480px) and (max-width: 767px) 768px, (min-width: 768px) and (max-width: 959px) 960px, (min-width: 960px) and (max-width: 1200px) 1200px, 100vw\" src=\"https:\/\/glasshandlingholland.com\/wp-content\/uploads\/2022\/03\/Muyen_BL_0219-960x640.jpg\" alt=\"\" \/>\n                    <\/div>\n                \n                                    Teile                                        \n\n                                    <\/a>\n                            <\/li>\n            <\/ul>\n<\/div>\n<!-- \/product_icons -->\n\n\n\n<div class=\"wp-block-buttons is-horizontal is-content-justification-center is-layout-flex wp-container-core-buttons-is-layout-2 wp-block-buttons-is-layout-flex\">\n<div class=\"wp-block-button\"><a class=\"wp-block-button__link wp-element-button\" href=\"https:\/\/glasshandlingholland.com\/de\/produkte\/\">Unsere Produkte ansehen<\/a><\/div>\n<\/div>\n<\/div><\/div>\n\n<div style=\"height:85px\" aria-hidden=\"true\" class=\"wp-block-spacer\"><\/div>\n\n<h2 class=\"wp-block-heading has-text-align-center\">unsere Erfahrung<\/h2>\n\n<p class=\"has-text-align-center\"><\/p>\n\n\n\n\n<!-- slider_block -->\n<div id=\"slider-block_4a57dc0fcd60efeff40d1b85def5084c\" class=\"slider_block \">\n    <ul>\n                    <li>\n                <div>\n                    <div class=\"quote\">\n                        <blockquote>\n                            <h5><strong>Island<\/strong><\/h5>                            <h5>Bauunternehmen<\/h5>                            <p>Iceland entschied sich ebenfalls f\u00fcr Ausr\u00fcstung zur Glasbearbeitung. Ihr erster Auftrag war ein Erfolg: die Installation von Fenstern in einem Fahrradladen! <\/p>\n\t\t\t\t\t\t\t<a class=\"wp-block-button__link\" href=\"https:\/\/glasshandlingholland.com\/products\/grip-for-2550x3210-or-6000x3210-2800-kg\/\">VIEW PRODUCT<\/a>                        <\/blockquote>\n                    <\/div>\n                                        <aside>\n             \t\t\t<img decoding=\"async\" class=\"exp_slider\" src=\"https:\/\/glasshandlingholland.com\/wp-content\/uploads\/2020\/11\/ijsland.jpg\" alt=\"Glass\">\n                    <\/aside>\n                                    <\/div>\n            <\/li>\n                    <li>\n                <div>\n                    <div class=\"quote\">\n                        <blockquote>\n                            <h5><strong>Pim Kooper<\/strong><\/h5>                            <h5>Glashandel van &#8218;t Hull<\/h5>                            <p>Nie war die Aufbewahrung von Glas so einfach. Ein ma\u00dfgefertigtes Produkt, das wie angegossen passt! <\/p>\n\t\t\t\t\t\t\t<a class=\"wp-block-button__link\" href=\"https:\/\/glasshandlingholland.com\/products\/storage-rack-500-kg\/\">VIEW PRODUCT<\/a>                        <\/blockquote>\n                    <\/div>\n                                        <aside>\n             \t\t\t<img decoding=\"async\" class=\"exp_slider\" src=\"https:\/\/glasshandlingholland.com\/wp-content\/uploads\/2020\/11\/IMG_6637-scaled.jpg\" alt=\"Glass\">\n                    <\/aside>\n                                    <\/div>\n            <\/li>\n                    <li>\n                <div>\n                    <div class=\"quote\">\n                        <blockquote>\n                            <h5><strong>Rijer Mol<\/strong><\/h5>                            <h5>Tuinmaximaal<\/h5>                            <p>Muyen ist ein Unternehmen, das sich auf L\u00f6sungen im Bereich des Glashandels spezialisiert hat. Sie denken l\u00f6sungsorientiert. Ihre L\u00f6sungen sind kreativ und gut.   https:\/\/www.tuinmaximaal.nl\/<\/p>\n\t\t\t\t\t\t\t<a class=\"wp-block-button__link\" href=\"https:\/\/glasshandlingholland.com\/products\/window-mate-xl-150-kg\/\">VIEW PRODUCT<\/a>                        <\/blockquote>\n                    <\/div>\n                                        <aside>\n             \t\t\t<img decoding=\"async\" class=\"exp_slider\" src=\"https:\/\/glasshandlingholland.com\/wp-content\/uploads\/2024\/06\/tuinmaximaal.jpg\" alt=\"Glass\">\n                    <\/aside>\n                                    <\/div>\n            <\/li>\n                    <li>\n                <div>\n                    <div class=\"quote\">\n                        <blockquote>\n                            <h5><strong>Andrea Toornvliet QHSE-Managerin<\/strong><\/h5>                            <h5>De Groot en Visser<\/h5>                            <p>Als Veiligheidskundiger glaubte ich, dass wir mit Partnern zusammenarbeiten, die Probleme l\u00f6sen, damit wir sie in der Praxis treffen k\u00f6nnen. Vaak ist derzeit in einer Diskussion dar\u00fcber, was die Regeln sind. Hier finden Sie zwei Richtlinien f\u00fcr die Papierausgabe in der Mitte des 1, 2 3*-Sicherheitssystems. Mit unseren H\u00e4nden k\u00f6nnen wir auf einfache Weise saugen und bedienen.     <\/p>\n\t\t\t\t\t\t\t<a class=\"wp-block-button__link\" href=\"https:\/\/degrootenvisser.nl\/\">VIEW PRODUCT<\/a>                        <\/blockquote>\n                    <\/div>\n                                        <aside>\n             \t\t\t<img decoding=\"async\" class=\"exp_slider\" src=\"https:\/\/glasshandlingholland.com\/wp-content\/uploads\/2024\/12\/andrea.jpg\" alt=\"Glass\">\n                    <\/aside>\n                                    <\/div>\n            <\/li>\n            <\/ul>\n<\/div>\n<!-- \/slider_block -->\n\n<div style=\"height:100px\" aria-hidden=\"true\" class=\"wp-block-spacer\"><\/div>\n\n<h2 class=\"wp-block-heading has-text-align-center\">UNSERE DIENSTLEISTUNGEN<\/h2>\n\n<p class=\"has-text-align-center\"><\/p><p class=\"has-text-align-center\" style=\"padding-bottom: 0px!important;\">Wir bieten alle Arten von Dienstleistungen an:<\/p>\n\n\n\n\n","protected":false},"excerpt":{"rendered":"<p>unsere Erfahrung UNSERE DIENSTLEISTUNGEN Wir bieten alle Arten von Dienstleistungen an:<\/p>\n","protected":false},"author":1,"featured_media":7836,"parent":0,"menu_order":0,"comment_status":"closed","ping_status":"closed","template":"","meta":{"_acf_changed":false,"_seopress_robots_primary_cat":"","_seopress_titles_title":"Home | GLASSHANDLING Holland, Glass Handling Tools for Glaziers, since 1961!","_seopress_titles_desc":"Glass Handling Holland, Glass Handling Tools since 1961! Vacuumlifters, Glasstrolleys, A frames, Glassrack, Glasslifting and hoisting solutions all made in Hollland. Brands: Muyen - Gevelridder - Woods Power-grip - Veribor - Bohle - Schilberschnitt - SirLiftAlot  and much more\u2026..","_seopress_robots_index":"","_monsterinsights_skip_tracking":false,"_monsterinsights_sitenote_active":false,"_monsterinsights_sitenote_note":"","_monsterinsights_sitenote_category":0,"_uf_show_specific_survey":0,"_uf_disable_surveys":false,"_joinchat":[],"footnotes":""},"class_list":["post-10173","page","type-page","status-publish","has-post-thumbnail","hentry"],"acf":[],"_links":{"self":[{"href":"https:\/\/glasshandlingholland.com\/de\/wp-json\/wp\/v2\/pages\/10173","targetHints":{"allow":["GET"]}}],"collection":[{"href":"https:\/\/glasshandlingholland.com\/de\/wp-json\/wp\/v2\/pages"}],"about":[{"href":"https:\/\/glasshandlingholland.com\/de\/wp-json\/wp\/v2\/types\/page"}],"author":[{"embeddable":true,"href":"https:\/\/glasshandlingholland.com\/de\/wp-json\/wp\/v2\/users\/1"}],"replies":[{"embeddable":true,"href":"https:\/\/glasshandlingholland.com\/de\/wp-json\/wp\/v2\/comments?post=10173"}],"version-history":[{"count":2,"href":"https:\/\/glasshandlingholland.com\/de\/wp-json\/wp\/v2\/pages\/10173\/revisions"}],"predecessor-version":[{"id":10473,"href":"https:\/\/glasshandlingholland.com\/de\/wp-json\/wp\/v2\/pages\/10173\/revisions\/10473"}],"wp:featuredmedia":[{"embeddable":true,"href":"https:\/\/glasshandlingholland.com\/de\/wp-json\/wp\/v2\/media\/7836"}],"wp:attachment":[{"href":"https:\/\/glasshandlingholland.com\/de\/wp-json\/wp\/v2\/media?parent=10173"}],"curies":[{"name":"wp","href":"https:\/\/api.w.org\/{rel}","templated":true}]}}